{"id":13196,"date":"2025-10-16T11:35:42","date_gmt":"2025-10-16T15:35:42","guid":{"rendered":"https:\/\/thestgeorgesgroup.ca\/?page_id=13196"},"modified":"2025-10-28T10:19:01","modified_gmt":"2025-10-28T14:19:01","slug":"telechargement-ebook-merci","status":"publish","type":"page","link":"https:\/\/thestgeorgesgroup.ca\/fr\/clients\/clientele-fortunee\/preservation-patrimoine-ebook\/telechargement-ebook-merci\/","title":{"rendered":"T\u00e9l\u00e9chargement Guide de la pr\u00e9servation du patrimoine des personnes fortun\u00e9es &#8211; Merci"},"content":{"rendered":"<div class=\"fusion-fullwidth fullwidth-box fusion-builder-row-1 fusion-flex-container has-pattern-background has-mask-background nonhundred-percent-fullwidth non-hundred-percent-height-scrolling\" style=\"--awb-border-radius-top-left:0px;--awb-border-radius-top-right:0px;--awb-border-radius-bottom-right:0px;--awb-border-radius-bottom-left:0px;--awb-margin-bottom:40px;--awb-flex-wrap:wrap;\" ><div class=\"fusion-builder-row fusion-row fusion-flex-align-items-flex-start fusion-flex-content-wrap\" style=\"max-width:1352px;margin-left: calc(-4% \/ 2 );margin-right: calc(-4% \/ 2 );\"><div class=\"fusion-layout-column fusion_builder_column fusion-builder-column-0 fusion_builder_column_1_1 1_1 fusion-flex-column\" style=\"--awb-bg-size:cover;--awb-width-large:100%;--awb-margin-top-large:0px;--awb-spacing-right-large:1.92%;--awb-margin-bottom-large:20px;--awb-spacing-left-large:1.92%;--awb-width-medium:100%;--awb-order-medium:0;--awb-spacing-right-medium:1.92%;--awb-spacing-left-medium:1.92%;--awb-width-small:100%;--awb-order-small:0;--awb-spacing-right-small:1.92%;--awb-spacing-left-small:1.92%;\"><div class=\"fusion-column-wrapper fusion-column-has-shadow fusion-flex-justify-content-flex-start fusion-content-layout-column\"><div class=\"fusion-text fusion-text-1\"><h1 style=\"text-align: center;\">Nous vous remercions !<\/h1>\n<h2 style=\"text-align: center;\">Le t\u00e9l\u00e9chargement de votre Guide de la pr\u00e9servation du patrimoine des personnes fortun\u00e9es est pr\u00eat.<\/h2>\n<\/div><div class=\"fusion-text fusion-text-2\"><p style=\"text-align: center;\">Nous sommes heureux de partager avec vous des informations destin\u00e9es \u00e0 vous aider \u00e0 prot\u00e9ger, structurer et pr\u00e9server votre patrimoine \u00e0 travers les g\u00e9n\u00e9rations, afin que votre h\u00e9ritage perdure avec clart\u00e9, d\u00e9termination et confiance.<\/p>\n<p style=\"text-align: center;\">Cliquez sur le bouton ci-dessous pour acc\u00e9der \u00e0 votre livre \u00e9lectronique.<\/p>\n<\/div><div class=\"fusion-image-element \" style=\"text-align:center;--awb-margin-top:20px;--awb-caption-title-font-family:var(--h2_typography-font-family);--awb-caption-title-font-weight:var(--h2_typography-font-weight);--awb-caption-title-font-style:var(--h2_typography-font-style);--awb-caption-title-size:var(--h2_typography-font-size);--awb-caption-title-transform:var(--h2_typography-text-transform);--awb-caption-title-line-height:var(--h2_typography-line-height);--awb-caption-title-letter-spacing:var(--h2_typography-letter-spacing);\"><span class=\" fusion-imageframe imageframe-none imageframe-1 hover-type-none\"><a class=\"fusion-no-lightbox\" href=\"https:\/\/thestgeorgesgroup.ca\/wp-content\/uploads\/2025\/10\/High-Net-Worth-EBook_St-Georges-Group_FR.pdf\" target=\"_blank\" aria-label=\"Guide de la pr\u00e9servation du patrimoine des personnes fortun\u00e9es\" rel=\"noopener noreferrer\"><img decoding=\"async\" width=\"232\" height=\"300\" alt=\"Guide de la pr\u00e9servation du patrimoine des personnes fortun\u00e9es\" src=\"https:\/\/thestgeorgesgroup.ca\/wp-content\/uploads\/2025\/10\/Guide-de-la-preservation-du-patrimoine-des-personnes-fortunees-232x300.jpg\" class=\"img-responsive wp-image-13200\" srcset=\"https:\/\/thestgeorgesgroup.ca\/wp-content\/uploads\/2025\/10\/Guide-de-la-preservation-du-patrimoine-des-personnes-fortunees-200x259.jpg 200w, https:\/\/thestgeorgesgroup.ca\/wp-content\/uploads\/2025\/10\/Guide-de-la-preservation-du-patrimoine-des-personnes-fortunees-400x518.jpg 400w, https:\/\/thestgeorgesgroup.ca\/wp-content\/uploads\/2025\/10\/Guide-de-la-preservation-du-patrimoine-des-personnes-fortunees-600x776.jpg 600w, https:\/\/thestgeorgesgroup.ca\/wp-content\/uploads\/2025\/10\/Guide-de-la-preservation-du-patrimoine-des-personnes-fortunees-800x1035.jpg 800w, https:\/\/thestgeorgesgroup.ca\/wp-content\/uploads\/2025\/10\/Guide-de-la-preservation-du-patrimoine-des-personnes-fortunees-1200x1553.jpg 1200w\" sizes=\"(max-width: 640px) 100vw, 232px\" \/><\/a><\/span><\/div><div class=\"fusion-text fusion-text-3\" style=\"--awb-margin-top:40px;\"><p style=\"text-align: center;\"><a class=\"custom-ebook-home-button\" href=\"https:\/\/thestgeorgesgroup.ca\/wp-content\/uploads\/2025\/10\/High-Net-Worth-EBook_St-Georges-Group_FR.pdf\" target=\"_blank\" rel=\"noopener noopenner\">T\u00c9L\u00c9CHARGEZ MAINTENANT<\/a><\/p>\n<\/div><div class=\"fusion-text fusion-text-4\" style=\"--awb-margin-top:40px;\"><p style=\"text-align: center;\">Si vous avez des questions ou si vous souhaitez parler de vos objectifs financiers avec un membre de notre \u00e9quipe, nous vous invitons \u00e0 <a href=\"https:\/\/thestgeorgesgroup.ca\/fr\/nous-joindre\/\">nous contacter<\/a>.<\/p>\n<\/div><\/div><\/div><\/div><\/div>\n","protected":false},"excerpt":{"rendered":"","protected":false},"author":4,"featured_media":0,"parent":13182,"menu_order":14,"comment_status":"closed","ping_status":"closed","template":"100-width.php","meta":{"footnotes":""},"class_list":["post-13196","page","type-page","status-publish","hentry"],"_links":{"self":[{"href":"https:\/\/thestgeorgesgroup.ca\/fr\/wp-json\/wp\/v2\/pages\/13196","targetHints":{"allow":["GET"]}}],"collection":[{"href":"https:\/\/thestgeorgesgroup.ca\/fr\/wp-json\/wp\/v2\/pages"}],"about":[{"href":"https:\/\/thestgeorgesgroup.ca\/fr\/wp-json\/wp\/v2\/types\/page"}],"author":[{"embeddable":true,"href":"https:\/\/thestgeorgesgroup.ca\/fr\/wp-json\/wp\/v2\/users\/4"}],"replies":[{"embeddable":true,"href":"https:\/\/thestgeorgesgroup.ca\/fr\/wp-json\/wp\/v2\/comments?post=13196"}],"version-history":[{"count":10,"href":"https:\/\/thestgeorgesgroup.ca\/fr\/wp-json\/wp\/v2\/pages\/13196\/revisions"}],"predecessor-version":[{"id":13273,"href":"https:\/\/thestgeorgesgroup.ca\/fr\/wp-json\/wp\/v2\/pages\/13196\/revisions\/13273"}],"up":[{"embeddable":true,"href":"https:\/\/thestgeorgesgroup.ca\/fr\/wp-json\/wp\/v2\/pages\/13182"}],"wp:attachment":[{"href":"https:\/\/thestgeorgesgroup.ca\/fr\/wp-json\/wp\/v2\/media?parent=13196"}],"curies":[{"name":"wp","href":"https:\/\/api.w.org\/{rel}","templated":true}]}}