{"id":13683,"date":"2026-03-31T06:41:02","date_gmt":"2026-03-31T10:41:02","guid":{"rendered":"https:\/\/thestgeorgesgroup.ca\/?page_id=13683"},"modified":"2026-03-31T06:41:55","modified_gmt":"2026-03-31T10:41:55","slug":"strategies-de-planification-fiscale","status":"publish","type":"page","link":"https:\/\/thestgeorgesgroup.ca\/fr\/clients\/dentistes\/gestion-de-patrimoine-101\/strategies-de-planification-fiscale\/","title":{"rendered":"Strat\u00e9gies de planification fiscale pour les dentistes disposant de b\u00e9n\u00e9fices non distribu\u00e9s"},"content":{"rendered":"","protected":false},"excerpt":{"rendered":"","protected":false},"author":4,"featured_media":0,"parent":13675,"menu_order":0,"comment_status":"closed","ping_status":"closed","template":"","meta":{"footnotes":""},"class_list":["post-13683","page","type-page","status-publish","hentry"],"_links":{"self":[{"href":"https:\/\/thestgeorgesgroup.ca\/fr\/wp-json\/wp\/v2\/pages\/13683","targetHints":{"allow":["GET"]}}],"collection":[{"href":"https:\/\/thestgeorgesgroup.ca\/fr\/wp-json\/wp\/v2\/pages"}],"about":[{"href":"https:\/\/thestgeorgesgroup.ca\/fr\/wp-json\/wp\/v2\/types\/page"}],"author":[{"embeddable":true,"href":"https:\/\/thestgeorgesgroup.ca\/fr\/wp-json\/wp\/v2\/users\/4"}],"replies":[{"embeddable":true,"href":"https:\/\/thestgeorgesgroup.ca\/fr\/wp-json\/wp\/v2\/comments?post=13683"}],"version-history":[{"count":1,"href":"https:\/\/thestgeorgesgroup.ca\/fr\/wp-json\/wp\/v2\/pages\/13683\/revisions"}],"predecessor-version":[{"id":13686,"href":"https:\/\/thestgeorgesgroup.ca\/fr\/wp-json\/wp\/v2\/pages\/13683\/revisions\/13686"}],"up":[{"embeddable":true,"href":"https:\/\/thestgeorgesgroup.ca\/fr\/wp-json\/wp\/v2\/pages\/13675"}],"wp:attachment":[{"href":"https:\/\/thestgeorgesgroup.ca\/fr\/wp-json\/wp\/v2\/media?parent=13683"}],"curies":[{"name":"wp","href":"https:\/\/api.w.org\/{rel}","templated":true}]}}