{"id":7418,"date":"2021-03-24T16:47:30","date_gmt":"2021-03-24T20:47:30","guid":{"rendered":"https:\/\/exceleris.wpengine.com\/sitemap\/"},"modified":"2022-05-27T10:22:29","modified_gmt":"2022-05-27T14:22:29","slug":"plan-du-site","status":"publish","type":"page","link":"https:\/\/thestgeorgesgroup.ca\/fr\/plan-du-site\/","title":{"rendered":"Plan du site"},"content":{"rendered":"<div class=\"fusion-fullwidth fullwidth-box fusion-builder-row-1 fusion-flex-container nonhundred-percent-fullwidth non-hundred-percent-height-scrolling\" style=\"--awb-border-radius-top-left:0px;--awb-border-radius-top-right:0px;--awb-border-radius-bottom-right:0px;--awb-border-radius-bottom-left:0px;--awb-flex-wrap:wrap;\" ><div class=\"fusion-builder-row fusion-row fusion-flex-align-items-flex-start fusion-flex-content-wrap\" style=\"max-width:1352px;margin-left: calc(-4% \/ 2 );margin-right: calc(-4% \/ 2 );\"><div class=\"fusion-layout-column fusion_builder_column fusion-builder-column-0 fusion_builder_column_1_1 1_1 fusion-flex-column\" style=\"--awb-bg-size:cover;--awb-width-large:100%;--awb-margin-top-large:0px;--awb-spacing-right-large:1.92%;--awb-margin-bottom-large:20px;--awb-spacing-left-large:1.92%;--awb-width-medium:100%;--awb-order-medium:0;--awb-spacing-right-medium:1.92%;--awb-spacing-left-medium:1.92%;--awb-width-small:100%;--awb-order-small:0;--awb-spacing-right-small:1.92%;--awb-spacing-left-small:1.92%;\"><div class=\"fusion-column-wrapper fusion-column-has-shadow fusion-flex-justify-content-flex-start fusion-content-layout-column\"><div class=\"fusion-title title fusion-title-1 fusion-sep-none fusion-title-text fusion-title-size-one\"><h1 class=\"fusion-title-heading title-heading-left fusion-responsive-typography-calculated\" style=\"margin:0;--fontSize:50;line-height:1.2;\">Plan du site<\/h1><\/div><div class=\"fusion-text fusion-text-1\"><div class=\"wsp-container\"><h2 class=\"wsp-pages-title\">Pages<\/h2>\n<ul class=\"wsp-pages-list\">\n<li class=\"page_item page-item-6609\"><a href=\"https:\/\/thestgeorgesgroup.ca\/fr\/\">Accueil<\/a><\/li>\n<li class=\"page_item page-item-7642 page_item_has_children\"><a href=\"https:\/\/thestgeorgesgroup.ca\/fr\/gestion-de-patrimoine\/\">Gestion de patrimoine<\/a>\n<ul class='children'>\n\t<li class=\"page_item page-item-7641\"><a href=\"https:\/\/thestgeorgesgroup.ca\/fr\/gestion-de-patrimoine\/planification-fiscale\/\">Planification fiscale<\/a><\/li>\n\t<li class=\"page_item page-item-7640\"><a href=\"https:\/\/thestgeorgesgroup.ca\/fr\/gestion-de-patrimoine\/planification-successorale\/\">Planification successorale<\/a><\/li>\n\t<li class=\"page_item page-item-7632\"><a href=\"https:\/\/thestgeorgesgroup.ca\/fr\/gestion-de-patrimoine\/planification-assurance\/\">Planification de l&#8217;assurance<\/a><\/li>\n\t<li class=\"page_item page-item-7639\"><a href=\"https:\/\/thestgeorgesgroup.ca\/fr\/gestion-de-patrimoine\/planification-revenu-de-retraite\/\">Planification du revenu de retraite<\/a><\/li>\n\t<li class=\"page_item page-item-7637\"><a href=\"https:\/\/thestgeorgesgroup.ca\/fr\/gestion-de-patrimoine\/planification-investissements\/\">Planification des investissements<\/a><\/li>\n\t<li class=\"page_item page-item-7635\"><a href=\"https:\/\/thestgeorgesgroup.ca\/fr\/gestion-de-patrimoine\/dons-de-bienfaisance\/\">Dons de bienfaisance<\/a><\/li>\n\t<li class=\"page_item page-item-7636\"><a href=\"https:\/\/thestgeorgesgroup.ca\/fr\/gestion-de-patrimoine\/gestion-tresorerie-et-dette\/\">Gestion de la tr\u00e9sorerie et de la dette<\/a><\/li>\n<\/ul>\n<\/li>\n<li class=\"page_item page-item-7631\"><a href=\"https:\/\/thestgeorgesgroup.ca\/fr\/approche\/\">Approche<\/a><\/li>\n<li class=\"page_item page-item-7630 page_item_has_children\"><a href=\"https:\/\/thestgeorgesgroup.ca\/fr\/clients\/\">Nos clients<\/a>\n<ul class='children'>\n\t<li class=\"page_item page-item-8704\"><a href=\"https:\/\/thestgeorgesgroup.ca\/fr\/clients\/temoignages\/\">T\u00e9moignages<\/a><\/li>\n\t<li class=\"page_item page-item-7628 page_item_has_children\"><a href=\"https:\/\/thestgeorgesgroup.ca\/fr\/clients\/dentistes\/\">Dentistes<\/a>\n\t<ul class='children'>\n\t\t<li class=\"page_item page-item-13675 page_item_has_children\"><a href=\"https:\/\/thestgeorgesgroup.ca\/fr\/clients\/dentistes\/gestion-de-patrimoine-101\/\">La gestion de patrimoine 101 pour les dentistes du Qu\u00e9bec<\/a>\n\t\t<ul class='children'>\n\t\t\t<li class=\"page_item page-item-13622\"><a href=\"https:\/\/thestgeorgesgroup.ca\/fr\/clients\/dentistes\/gestion-de-patrimoine-101\/structure-propriete-entreprise\/\">Choisir la bonne structure juridique et de propri\u00e9t\u00e9 en tant que dentiste<\/a><\/li>\n\t\t\t<li class=\"page_item page-item-13700\"><a href=\"https:\/\/thestgeorgesgroup.ca\/fr\/clients\/dentistes\/gestion-de-patrimoine-101\/developpement-du-cabinet\/\">Concilier croissance du cabinet et constitution d&#8217;un patrimoine personnel<\/a><\/li>\n\t\t\t<li class=\"page_item page-item-13695\"><a href=\"https:\/\/thestgeorgesgroup.ca\/fr\/clients\/dentistes\/gestion-de-patrimoine-101\/gestion-des-risques-et-protection\/\">Gestion des risques et protection du patrimoine pour les dentistes du Qu\u00e9bec<\/a><\/li>\n\t\t\t<li class=\"page_item page-item-13715\"><a href=\"https:\/\/thestgeorgesgroup.ca\/fr\/clients\/dentistes\/gestion-de-patrimoine-101\/planification-de-la-retraite-et-heritage\/\">Planification de la retraite, de la succession et de l&#8217;h\u00e9ritage pour les dentistes et leurs familles<\/a><\/li>\n\t\t\t<li class=\"page_item page-item-13708\"><a href=\"https:\/\/thestgeorgesgroup.ca\/fr\/clients\/dentistes\/gestion-de-patrimoine-101\/planification-de-la-succession-et-de-la-sortie\/\">Planification de la succession et de la sortie pour les dentistes<\/a><\/li>\n\t\t\t<li class=\"page_item page-item-13683\"><a href=\"https:\/\/thestgeorgesgroup.ca\/fr\/clients\/dentistes\/gestion-de-patrimoine-101\/strategies-de-planification-fiscale\/\">Strat\u00e9gies de planification fiscale pour les dentistes disposant de b\u00e9n\u00e9fices non distribu\u00e9s<\/a><\/li>\n\t\t<\/ul>\n<\/li>\n\t<\/ul>\n<\/li>\n\t<li class=\"page_item page-item-7627\"><a href=\"https:\/\/thestgeorgesgroup.ca\/fr\/clients\/professionnels-de-la-sante\/\">Professionnels de la sant\u00e9<\/a><\/li>\n\t<li class=\"page_item page-item-7626 page_item_has_children\"><a href=\"https:\/\/thestgeorgesgroup.ca\/fr\/clients\/entrepreneurs\/\">Entrepreneurs<\/a>\n\t<ul class='children'>\n\t\t<li class=\"page_item page-item-11272 page_item_has_children\"><a href=\"https:\/\/thestgeorgesgroup.ca\/fr\/clients\/entrepreneurs\/guide-gestion-de-patrimoine\/\">Guide de la gestion de patrimoine pour entrepreneurs<\/a>\n\t\t<ul class='children'>\n\t\t\t<li class=\"page_item page-item-11276\"><a href=\"https:\/\/thestgeorgesgroup.ca\/fr\/clients\/entrepreneurs\/guide-gestion-de-patrimoine\/structure-juridique-entreprise\/\">Choisir la bonne structure juridique pour votre entreprise<\/a><\/li>\n\t\t\t<li class=\"page_item page-item-11270\"><a href=\"https:\/\/thestgeorgesgroup.ca\/fr\/clients\/entrepreneurs\/guide-gestion-de-patrimoine\/economies-impots-et-investissement\/\">Comment \u00e9conomiser des imp\u00f4ts gr\u00e2ce aux strat\u00e9gies d&#8217;investissement pour entreprises<\/a><\/li>\n\t\t\t<li class=\"page_item page-item-11946\"><a href=\"https:\/\/thestgeorgesgroup.ca\/fr\/clients\/entrepreneurs\/guide-gestion-de-patrimoine\/developper-entreprise-vs-patrimoine-personnel\/\">D\u00e9velopper votre entreprise vs faire cro\u00eetre votre richesse personnelle<\/a><\/li>\n\t\t\t<li class=\"page_item page-item-11969\"><a href=\"https:\/\/thestgeorgesgroup.ca\/fr\/clients\/entrepreneurs\/guide-gestion-de-patrimoine\/gestion-excedent-de-tresorerie\/\">Exc\u00e9dent de tr\u00e9sorerie : rembourser ses dettes ou investir?<\/a><\/li>\n\t\t\t<li class=\"page_item page-item-12013\"><a href=\"https:\/\/thestgeorgesgroup.ca\/fr\/clients\/entrepreneurs\/guide-gestion-de-patrimoine\/batir-equipe-gestion-de-patrimoine\/\">L&#8217;importance de b\u00e2tir son \u00e9quipe de gestion de patrimoine<\/a><\/li>\n\t\t\t<li class=\"page_item page-item-11395\"><a href=\"https:\/\/thestgeorgesgroup.ca\/fr\/clients\/entrepreneurs\/guide-gestion-de-patrimoine\/elements-planification-successorale\/\">Les \u00e9l\u00e9ments cl\u00e9s de la planification successorale pour les propri\u00e9taires d\u2019entreprise<\/a><\/li>\n\t\t\t<li class=\"page_item page-item-11402\"><a href=\"https:\/\/thestgeorgesgroup.ca\/fr\/clients\/entrepreneurs\/guide-gestion-de-patrimoine\/planification-releve\/\">Plan de rel\u00e8ve d\u2019entreprise : Transmettre votre entreprise et votre patrimoine \u00e0 la prochaine g\u00e9n\u00e9ration<\/a><\/li>\n\t\t\t<li class=\"page_item page-item-11994\"><a href=\"https:\/\/thestgeorgesgroup.ca\/fr\/clients\/entrepreneurs\/guide-gestion-de-patrimoine\/planification-de-la-retraite\/\">Planifier sa retraite en tant que propri\u00e9taire d&#8217;entreprise<\/a><\/li>\n\t\t\t<li class=\"page_item page-item-11387\"><a href=\"https:\/\/thestgeorgesgroup.ca\/fr\/clients\/entrepreneurs\/guide-gestion-de-patrimoine\/strategies-gestion-risques\/\">Protection du patrimoine : Strat\u00e9gies de gestion des risques pour les entrepreneurs<\/a><\/li>\n\t\t<\/ul>\n<\/li>\n\t<\/ul>\n<\/li>\n\t<li class=\"page_item page-item-7629 page_item_has_children\"><a href=\"https:\/\/thestgeorgesgroup.ca\/fr\/clients\/clientele-fortunee\/\">Client\u00e8le fortun\u00e9e<\/a>\n\t<ul class='children'>\n\t\t<li class=\"page_item page-item-12721 page_item_has_children\"><a href=\"https:\/\/thestgeorgesgroup.ca\/fr\/clients\/clientele-fortunee\/guide-preservation-du-patrimoine\/\">Guide de pr\u00e9servation du patrimoine<\/a>\n\t\t<ul class='children'>\n\t\t\t<li class=\"page_item page-item-12768\"><a href=\"https:\/\/thestgeorgesgroup.ca\/fr\/clients\/clientele-fortunee\/guide-preservation-du-patrimoine\/risques-erosion\/\">Comprendre les risques d\u2019\u00e9rosion du patrimoine<\/a><\/li>\n\t\t\t<li class=\"page_item page-item-12984\"><a href=\"https:\/\/thestgeorgesgroup.ca\/fr\/clients\/clientele-fortunee\/guide-preservation-du-patrimoine\/philanthropie\/\">La philanthropie comme strat\u00e9gie de pr\u00e9servation du patrimoine<\/a><\/li>\n\t\t\t<li class=\"page_item page-item-12961\"><a href=\"https:\/\/thestgeorgesgroup.ca\/fr\/clients\/clientele-fortunee\/guide-preservation-du-patrimoine\/role-de-lassurance\/\">Le r\u00f4le de l&#8217;assurance dans la gestion du patrimoine des particuliers fortun\u00e9s<\/a><\/li>\n\t\t\t<li class=\"page_item page-item-12811\"><a href=\"https:\/\/thestgeorgesgroup.ca\/fr\/clients\/clientele-fortunee\/guide-preservation-du-patrimoine\/planification-successorale\/\">Planification successorale et rel\u00e8ve<\/a><\/li>\n\t\t\t<li class=\"page_item page-item-12801\"><a href=\"https:\/\/thestgeorgesgroup.ca\/fr\/clients\/clientele-fortunee\/guide-preservation-du-patrimoine\/strategies-structuration\/\">Strat\u00e9gies de structuration<\/a><\/li>\n\t\t\t<li class=\"page_item page-item-12973\"><a href=\"https:\/\/thestgeorgesgroup.ca\/fr\/clients\/clientele-fortunee\/guide-preservation-du-patrimoine\/valeurs-financieres-generationnelles\/\">Transmettre des valeurs financi\u00e8res \u00e0 la prochaine g\u00e9n\u00e9ration<\/a><\/li>\n\t\t<\/ul>\n<\/li>\n\t<\/ul>\n<\/li>\n<\/ul>\n<\/li>\n<li class=\"page_item page-item-10165 page_item_has_children\"><a href=\"https:\/\/thestgeorgesgroup.ca\/fr\/a-propos\/\">\u00c0 propos<\/a>\n<ul class='children'>\n\t<li class=\"page_item page-item-10842\"><a href=\"https:\/\/thestgeorgesgroup.ca\/fr\/a-propos\/engagement-communautaire\/\">Engagement communautaire<\/a><\/li>\n<\/ul>\n<\/li>\n<li class=\"page_item page-item-7624\"><a href=\"https:\/\/thestgeorgesgroup.ca\/fr\/conseiller-gestion-de-patrimoine\/\">\u00c9quipe<\/a><\/li>\n<li class=\"page_item page-item-7625\"><a href=\"https:\/\/thestgeorgesgroup.ca\/fr\/cabinet-gestion-de-patrimoine-assante\/\">Assante<\/a><\/li>\n<li class=\"page_item page-item-6641\"><a href=\"https:\/\/thestgeorgesgroup.ca\/fr\/nous-joindre\/\">Nous joindre<\/a><\/li>\n<li class=\"page_item page-item-7623\"><a href=\"https:\/\/thestgeorgesgroup.ca\/fr\/nouvelles\/\">Blogue<\/a><\/li>\n<li class=\"page_item page-item-7622\"><a href=\"https:\/\/thestgeorgesgroup.ca\/fr\/ressources\/\">Ressources<\/a><\/li>\n<li class=\"page_item page-item-7616\"><a href=\"https:\/\/thestgeorgesgroup.ca\/fr\/nous-rencontrer\/\">Recontrez-nous<\/a><\/li>\n<li class=\"page_item page-item-7418\"><a href=\"https:\/\/thestgeorgesgroup.ca\/fr\/plan-du-site\/\">Plan du site<\/a><\/li>\n<\/ul>\n<\/div>\n<\/div><\/div><\/div><\/div><\/div>\n","protected":false},"excerpt":{"rendered":"","protected":false},"author":4,"featured_media":0,"parent":0,"menu_order":19,"comment_status":"closed","ping_status":"closed","template":"100-width.php","meta":{"footnotes":""},"class_list":["post-7418","page","type-page","status-publish","hentry"],"_links":{"self":[{"href":"https:\/\/thestgeorgesgroup.ca\/fr\/wp-json\/wp\/v2\/pages\/7418","targetHints":{"allow":["GET"]}}],"collection":[{"href":"https:\/\/thestgeorgesgroup.ca\/fr\/wp-json\/wp\/v2\/pages"}],"about":[{"href":"https:\/\/thestgeorgesgroup.ca\/fr\/wp-json\/wp\/v2\/types\/page"}],"author":[{"embeddable":true,"href":"https:\/\/thestgeorgesgroup.ca\/fr\/wp-json\/wp\/v2\/users\/4"}],"replies":[{"embeddable":true,"href":"https:\/\/thestgeorgesgroup.ca\/fr\/wp-json\/wp\/v2\/comments?post=7418"}],"version-history":[{"count":1,"href":"https:\/\/thestgeorgesgroup.ca\/fr\/wp-json\/wp\/v2\/pages\/7418\/revisions"}],"predecessor-version":[{"id":8947,"href":"https:\/\/thestgeorgesgroup.ca\/fr\/wp-json\/wp\/v2\/pages\/7418\/revisions\/8947"}],"wp:attachment":[{"href":"https:\/\/thestgeorgesgroup.ca\/fr\/wp-json\/wp\/v2\/media?parent=7418"}],"curies":[{"name":"wp","href":"https:\/\/api.w.org\/{rel}","templated":true}]}}