{"id":7635,"date":"2021-06-18T12:32:14","date_gmt":"2021-06-18T12:32:14","guid":{"rendered":"https:\/\/thestgeorgesgroup.ca\/?page_id=7635"},"modified":"2022-01-13T09:56:56","modified_gmt":"2022-01-13T14:56:56","slug":"dons-de-bienfaisance","status":"publish","type":"page","link":"https:\/\/thestgeorgesgroup.ca\/fr\/gestion-de-patrimoine\/dons-de-bienfaisance\/","title":{"rendered":"Dons de bienfaisance"},"content":{"rendered":"<p><div class=\"fusion-fullwidth fullwidth-box fusion-builder-row-1 fusion-flex-container nonhundred-percent-fullwidth non-hundred-percent-height-scrolling\" style=\"--awb-border-radius-top-left:0px;--awb-border-radius-top-right:0px;--awb-border-radius-bottom-right:0px;--awb-border-radius-bottom-left:0px;--awb-padding-top:40px;--awb-flex-wrap:wrap;\" ><div class=\"fusion-builder-row fusion-row fusion-flex-align-items-flex-start fusion-flex-content-wrap\" style=\"max-width:1352px;margin-left: calc(-4% \/ 2 );margin-right: calc(-4% \/ 2 );\"><div class=\"fusion-layout-column fusion_builder_column fusion-builder-column-0 fusion_builder_column_1_1 1_1 fusion-flex-column\" style=\"--awb-bg-size:cover;--awb-width-large:100%;--awb-margin-top-large:0px;--awb-spacing-right-large:1.92%;--awb-margin-bottom-large:20px;--awb-spacing-left-large:1.92%;--awb-width-medium:100%;--awb-order-medium:0;--awb-spacing-right-medium:1.92%;--awb-spacing-left-medium:1.92%;--awb-width-small:100%;--awb-order-small:0;--awb-spacing-right-small:1.92%;--awb-spacing-left-small:1.92%;\"><div class=\"fusion-column-wrapper fusion-column-has-shadow fusion-flex-justify-content-flex-start fusion-content-layout-column\"><div class=\"fusion-text fusion-text-1\" style=\"--awb-content-alignment:left;\"><h1 style=\"text-align: left;\">Dons de bienfaisance et philanthropie<\/h1>\n<\/div><\/div><\/div><\/div><\/div><div class=\"fusion-fullwidth fullwidth-box fusion-builder-row-2 fusion-flex-container nonhundred-percent-fullwidth non-hundred-percent-height-scrolling\" style=\"--awb-border-radius-top-left:0px;--awb-border-radius-top-right:0px;--awb-border-radius-bottom-right:0px;--awb-border-radius-bottom-left:0px;--awb-padding-bottom:40px;--awb-flex-wrap:wrap;\" ><div class=\"fusion-builder-row fusion-row fusion-flex-align-items-flex-start fusion-flex-content-wrap\" style=\"max-width:1352px;margin-left: calc(-4% \/ 2 );margin-right: calc(-4% \/ 2 );\"><div class=\"fusion-layout-column fusion_builder_column fusion-builder-column-1 fusion_builder_column_1_1 1_1 fusion-flex-column\" style=\"--awb-bg-size:cover;--awb-width-large:100%;--awb-margin-top-large:0px;--awb-spacing-right-large:1.92%;--awb-margin-bottom-large:20px;--awb-spacing-left-large:1.92%;--awb-width-medium:100%;--awb-order-medium:0;--awb-spacing-right-medium:1.92%;--awb-spacing-left-medium:1.92%;--awb-width-small:100%;--awb-order-small:0;--awb-spacing-right-small:1.92%;--awb-spacing-left-small:1.92%;\"><div class=\"fusion-column-wrapper fusion-column-has-shadow fusion-flex-justify-content-flex-start fusion-content-layout-column\"><div class=\"fusion-text fusion-text-2\" style=\"--awb-content-alignment:left;\"><p>Partager votre patrimoine par le biais de dons de charit\u00e9 et de philanthropie est une fa\u00e7on gratifiante de redonner \u00e0 votre communaut\u00e9 et de soutenir les causes qui vous tiennent \u00e0 c\u0153ur. Cela peut \u00e9galement vous aider \u00e0 r\u00e9duire votre fardeau fiscal, \u00e0 cr\u00e9er une occasion de don g\u00e9n\u00e9rationnel et \u00e0 cr\u00e9er de nouvelles relations pour vous et votre entreprise.<\/p>\n<p>De nombreuses personnes et familles prosp\u00e8res sont appel\u00e9es \u00e0 utiliser leur patrimoine pour faire une diff\u00e9rence, et il existe de nombreuses fa\u00e7ons de le faire. Le Groupe St-Georges peut vous aider \u00e0 explorer ses options et \u00e0 r\u00e9aliser votre d\u00e9sir de laisser un h\u00e9ritage. Nous travaillons avec vous pour comprendre vos valeurs et vos objectifs, trouver des solutions fiscalement avantageuses, discuter de vos options et faire de vos r\u00eaves une r\u00e9alit\u00e9.<\/p>\n<\/div><\/div><\/div><\/div><\/div><div class=\"fusion-fullwidth fullwidth-box fusion-builder-row-3 fusion-flex-container fusion-parallax-none nonhundred-percent-fullwidth non-hundred-percent-height-scrolling fusion-no-small-visibility fusion-no-medium-visibility border-left\" style=\"--awb-border-radius-top-left:0px;--awb-border-radius-top-right:0px;--awb-border-radius-bottom-right:0px;--awb-border-radius-bottom-left:0px;--awb-padding-top:85px;--awb-padding-bottom:85px;--awb-background-color:#1f2d5e;--awb-background-image:url(&quot;https:\/\/thestgeorgesgroup.ca\/wp-content\/uploads\/2021\/12\/Wealth-Management-Strategies_Banner.jpg&quot;);--awb-background-size:cover;--awb-flex-wrap:wrap;\" ><div class=\"fusion-builder-row fusion-row fusion-flex-align-items-flex-start fusion-flex-content-wrap\" style=\"max-width:1352px;margin-left: calc(-4% \/ 2 );margin-right: calc(-4% \/ 2 );\"><div class=\"fusion-layout-column fusion_builder_column fusion-builder-column-2 fusion_builder_column_1_4 1_4 fusion-flex-column\" style=\"--awb-bg-size:cover;--awb-border-color:#ffffff;--awb-border-style:solid;--awb-width-large:25%;--awb-margin-top-large:0px;--awb-spacing-right-large:7.68%;--awb-margin-bottom-large:20px;--awb-spacing-left-large:7.68%;--awb-width-medium:25%;--awb-order-medium:0;--awb-spacing-right-medium:7.68%;--awb-spacing-left-medium:7.68%;--awb-width-small:100%;--awb-order-small:0;--awb-spacing-right-small:1.92%;--awb-spacing-left-small:1.92%;\"><div class=\"fusion-column-wrapper fusion-column-has-shadow fusion-flex-justify-content-flex-start fusion-content-layout-column\"><div class=\"fusion-text fusion-text-3\" style=\"--awb-content-alignment:left;\"><h2><span style=\"color: #ffffff;\">Comprendre vos valeurs et vos objectifs<\/span><\/h2>\n<\/div><\/div><\/div><div class=\"fusion-layout-column fusion_builder_column fusion-builder-column-3 fusion_builder_column_3_4 3_4 fusion-flex-column border-left\" style=\"--awb-padding-top:20px;--awb-padding-right:60px;--awb-padding-bottom:15px;--awb-padding-left:30px;--awb-bg-size:cover;--awb-border-color:#ffffff;--awb-border-left:2px;--awb-border-style:solid;--awb-width-large:75%;--awb-margin-top-large:0px;--awb-spacing-right-large:2.56%;--awb-margin-bottom-large:20px;--awb-spacing-left-large:2.56%;--awb-width-medium:75%;--awb-order-medium:0;--awb-spacing-right-medium:2.56%;--awb-spacing-left-medium:2.56%;--awb-width-small:100%;--awb-order-small:0;--awb-spacing-right-small:1.92%;--awb-spacing-left-small:1.92%;\"><div class=\"fusion-column-wrapper fusion-column-has-shadow fusion-flex-justify-content-flex-start fusion-content-layout-column\"><div class=\"fusion-text fusion-text-4\"><p><span style=\"color: #ffffff;\">Notre \u00e9quipe pose des questions pour en savoir plus sur vos valeurs individuelles et familiales, les types de causes que vous soutenez, l\u2019impact que vous aimeriez avoir et la nature de vos dons. Cette discussion est une \u00e9tape importante pour comprendre ce qui compte le plus pour vous et les types d\u2019actifs que vous souhaitez partager. Nous d\u00e9terminons ensuite la fa\u00e7on la plus efficace de vous aider \u00e0 atteindre vos objectifs gr\u00e2ce \u00e0 des dons de bienfaisance et \u00e0 la philanthropie qui profitent \u00e0 vous, \u00e0 votre famille et \u00e0 vos causes ch\u00e9ries.<\/span><\/p>\n<\/div><\/div><\/div><\/div><\/div><div class=\"fusion-fullwidth fullwidth-box fusion-builder-row-4 fusion-flex-container fusion-parallax-none nonhundred-percent-fullwidth non-hundred-percent-height-scrolling fusion-no-large-visibility border-left\" style=\"--awb-border-radius-top-left:0px;--awb-border-radius-top-right:0px;--awb-border-radius-bottom-right:0px;--awb-border-radius-bottom-left:0px;--awb-padding-top:85px;--awb-padding-bottom:85px;--awb-background-color:#1f2d5e;--awb-background-image:url(&quot;https:\/\/thestgeorgesgroup.ca\/wp-content\/uploads\/2021\/12\/Wealth-Management-Strategies_Banner.jpg&quot;);--awb-background-size:cover;--awb-flex-wrap:wrap;\" ><div class=\"fusion-builder-row fusion-row fusion-flex-align-items-flex-start fusion-flex-content-wrap\" style=\"max-width:1352px;margin-left: calc(-4% \/ 2 );margin-right: calc(-4% \/ 2 );\"><div class=\"fusion-layout-column fusion_builder_column fusion-builder-column-4 fusion_builder_column_1_3 1_3 fusion-flex-column\" style=\"--awb-bg-size:cover;--awb-border-color:#ffffff;--awb-border-style:solid;--awb-width-large:33.333333333333%;--awb-margin-top-large:0px;--awb-spacing-right-large:5.76%;--awb-margin-bottom-large:20px;--awb-spacing-left-large:5.76%;--awb-width-medium:33.333333333333%;--awb-order-medium:0;--awb-spacing-right-medium:5.76%;--awb-spacing-left-medium:5.76%;--awb-width-small:100%;--awb-order-small:0;--awb-spacing-right-small:1.92%;--awb-spacing-left-small:1.92%;\"><div class=\"fusion-column-wrapper fusion-column-has-shadow fusion-flex-justify-content-flex-start fusion-content-layout-column\"><div class=\"fusion-text fusion-text-5\" style=\"--awb-content-alignment:left;\"><h2><span style=\"color: #ffffff;\">Comprendre vos valeurs et vos objectifs<\/span><\/h2>\n<\/div><\/div><\/div><div class=\"fusion-layout-column fusion_builder_column fusion-builder-column-5 fusion_builder_column_2_3 2_3 fusion-flex-column border-left\" style=\"--awb-padding-top:20px;--awb-padding-right:60px;--awb-padding-bottom:15px;--awb-padding-left:30px;--awb-bg-size:cover;--awb-border-color:#ffffff;--awb-border-left:2px;--awb-border-style:solid;--awb-width-large:66.666666666667%;--awb-margin-top-large:0px;--awb-spacing-right-large:2.88%;--awb-margin-bottom-large:20px;--awb-spacing-left-large:2.88%;--awb-width-medium:66.666666666667%;--awb-order-medium:0;--awb-spacing-right-medium:2.88%;--awb-spacing-left-medium:2.88%;--awb-width-small:100%;--awb-order-small:0;--awb-spacing-right-small:1.92%;--awb-spacing-left-small:1.92%;\"><div class=\"fusion-column-wrapper fusion-column-has-shadow fusion-flex-justify-content-flex-start fusion-content-layout-column\"><div class=\"fusion-text fusion-text-6\"><p><span style=\"color: #ffffff;\">Notre \u00e9quipe pose des questions pour en savoir plus sur vos valeurs individuelles et familiales, les types de causes que vous soutenez, l\u2019impact que vous aimeriez avoir et la nature de vos dons. Cette discussion est une \u00e9tape importante pour comprendre ce qui compte le plus pour vous et les types d\u2019actifs que vous souhaitez partager. Nous d\u00e9terminons ensuite la fa\u00e7on la plus efficace de vous aider \u00e0 atteindre vos objectifs gr\u00e2ce \u00e0 des dons de bienfaisance et \u00e0 la philanthropie qui profitent \u00e0 vous, \u00e0 votre famille et \u00e0 vos causes ch\u00e9ries.<\/span><\/p>\n<\/div><\/div><\/div><\/div><\/div><div class=\"fusion-fullwidth fullwidth-box fusion-builder-row-5 fusion-flex-container nonhundred-percent-fullwidth non-hundred-percent-height-scrolling\" style=\"--awb-border-radius-top-left:0px;--awb-border-radius-top-right:0px;--awb-border-radius-bottom-right:0px;--awb-border-radius-bottom-left:0px;--awb-padding-top:60px;--awb-padding-bottom:40px;--awb-flex-wrap:wrap;\" ><div class=\"fusion-builder-row fusion-row fusion-flex-align-items-flex-start fusion-flex-content-wrap\" style=\"max-width:1352px;margin-left: calc(-4% \/ 2 );margin-right: calc(-4% \/ 2 );\"><div class=\"fusion-layout-column fusion_builder_column fusion-builder-column-6 fusion_builder_column_1_2 1_2 fusion-flex-column\" style=\"--awb-bg-size:cover;--awb-width-large:50%;--awb-margin-top-large:0px;--awb-spacing-right-large:3.84%;--awb-margin-bottom-large:20px;--awb-spacing-left-large:3.84%;--awb-width-medium:50%;--awb-order-medium:0;--awb-spacing-right-medium:3.84%;--awb-spacing-left-medium:3.84%;--awb-width-small:100%;--awb-order-small:0;--awb-spacing-right-small:1.92%;--awb-spacing-left-small:1.92%;\"><div class=\"fusion-column-wrapper fusion-column-has-shadow fusion-flex-justify-content-flex-start fusion-content-layout-column\"><div class=\"fusion-text fusion-text-7\"><h2 style=\"text-align: left;\">Trouver des solutions<br \/>\nfiscalement avantageuses<\/h2>\n<p style=\"text-align: left;\">Faire des investissements qui aident votre communaut\u00e9 est un moyen valorisant de redonner, mais votre g\u00e9n\u00e9rosit\u00e9 est aussi une excellente strat\u00e9gie de <a href=\"https:\/\/thestgeorgesgroup.ca\/fr\/gestion-de-patrimoine\/planification-fiscale\/\">planification fiscale<\/a> vous aidant \u00e0 r\u00e9duire vos imp\u00f4ts. Que vous souhaitiez faire des dons \u00e0 court terme, \u00e0 long terme ou g\u00e9n\u00e9rationnels, notre \u00e9quipe peut trouver des solutions avantageuses qui maximisent vos avantages fiscaux et financiers.<\/p>\n<\/div><\/div><\/div><div class=\"fusion-layout-column fusion_builder_column fusion-builder-column-7 fusion_builder_column_1_2 1_2 fusion-flex-column\" style=\"--awb-bg-size:cover;--awb-width-large:50%;--awb-margin-top-large:0px;--awb-spacing-right-large:3.84%;--awb-margin-bottom-large:20px;--awb-spacing-left-large:3.84%;--awb-width-medium:50%;--awb-order-medium:0;--awb-spacing-right-medium:3.84%;--awb-spacing-left-medium:3.84%;--awb-width-small:100%;--awb-order-small:0;--awb-spacing-right-small:1.92%;--awb-spacing-left-small:1.92%;\"><div class=\"fusion-column-wrapper fusion-column-has-shadow fusion-flex-justify-content-flex-start fusion-content-layout-column\"><div class=\"fusion-text fusion-text-8\"><h2 style=\"text-align: left;\">Discuter de vos options<\/h2>\n<p style=\"text-align: left;\">Selon vos objectifs, de nombreuses options s\u2019offrent \u00e0 vous. Vous pouvez donner des fonds, des actions, des obligations, des fonds communs de placement, des terrains, des b\u00e2timents et bien plus encore. Vous avez \u00e9galement la possibilit\u00e9 de cr\u00e9er un fonds de bienfaisance ou une fondation priv\u00e9e en tant que strat\u00e9gie de don \u00e0 long terme et g\u00e9n\u00e9rationnelle. Notre \u00e9quipe de conseillers en gestion de patrimoine strat\u00e9gique s\u2019assure que vous \u00eates au courant de toutes les possibilit\u00e9s de dons de bienfaisance et de philanthropie.<\/p>\n<\/div><\/div><\/div><\/div><\/div><div class=\"fusion-fullwidth fullwidth-box fusion-builder-row-6 fusion-flex-container nonhundred-percent-fullwidth non-hundred-percent-height-scrolling\" style=\"--awb-border-radius-top-left:0px;--awb-border-radius-top-right:0px;--awb-border-radius-bottom-right:0px;--awb-border-radius-bottom-left:0px;--awb-padding-top:60px;--awb-margin-bottom:-50px;--awb-background-color:#eaebed;--awb-flex-wrap:wrap;\" ><div class=\"fusion-builder-row fusion-row fusion-flex-align-items-flex-start fusion-flex-content-wrap\" style=\"max-width:1352px;margin-left: calc(-4% \/ 2 );margin-right: calc(-4% \/ 2 );\"><div class=\"fusion-layout-column fusion_builder_column fusion-builder-column-8 fusion_builder_column_1_1 1_1 fusion-flex-column\" style=\"--awb-padding-bottom:20px;--awb-bg-size:cover;--awb-width-large:100%;--awb-margin-top-large:0px;--awb-spacing-right-large:1.92%;--awb-margin-bottom-large:20px;--awb-spacing-left-large:1.92%;--awb-width-medium:100%;--awb-order-medium:0;--awb-spacing-right-medium:1.92%;--awb-spacing-left-medium:1.92%;--awb-width-small:100%;--awb-order-small:0;--awb-spacing-right-small:1.92%;--awb-spacing-left-small:1.92%;\"><div class=\"fusion-column-wrapper fusion-column-has-shadow fusion-flex-justify-content-flex-start fusion-content-layout-column\"><div class=\"fusion-text fusion-text-9\"><h2 style=\"text-align: left;\">Faire de vos r\u00eaves une r\u00e9alit\u00e9<\/h2>\n<p style=\"text-align: left;\">Que vous souhaitiez commencer \u00e0 partager votre patrimoine d\u00e8s maintenant ou que vous souhaitiez vous pr\u00e9parer pour l\u2019avenir, nos <a href=\"https:\/\/thestgeorgesgroup.ca\/fr\/conseiller-gestion-de-patrimoine\/\">conseillers en gestion de patrimoine<\/a> sont pr\u00eats \u00e0 faire de vos r\u00eaves une r\u00e9alit\u00e9. Nous vous encourageons \u00e0 inviter votre \u00e9quipe actuelle de conseillers de confiance \u00e0 notre table pour une <a href=\"https:\/\/thestgeorgesgroup.ca\/fr\/approche\/\">approche int\u00e9gr\u00e9e de votre gestion de patrimoine<\/a> et de vos dons de charit\u00e9. Ensemble, nous offrirons des solutions qui r\u00e9duiront votre charge fiscale, feront une diff\u00e9rence et m\u00e8neront \u00e0 de nouvelles connexions et occasions pour vous et votre entreprise.<\/p>\n<\/div><\/div><\/div><\/div><\/div><div class=\"fusion-fullwidth fullwidth-box fusion-builder-row-7 fusion-flex-container has-pattern-background has-mask-background fusion-parallax-none nonhundred-percent-fullwidth non-hundred-percent-height-scrolling\" style=\"--awb-border-radius-top-left:0px;--awb-border-radius-top-right:0px;--awb-border-radius-bottom-right:0px;--awb-border-radius-bottom-left:0px;--awb-padding-top:30px;--awb-padding-bottom:25px;--awb-margin-bottom:-50px;--awb-background-image:url(&quot;https:\/\/thestgeorgesgroup.ca\/wp-content\/uploads\/2021\/10\/grey-bg.jpg&quot;);--awb-background-size:cover;--awb-flex-wrap:wrap;\" id=\"bottom-cta\" ><div class=\"fusion-builder-row fusion-row fusion-flex-align-items-center fusion-flex-justify-content-center fusion-flex-content-wrap\" style=\"max-width:1352px;margin-left: calc(-4% \/ 2 );margin-right: calc(-4% \/ 2 );\"><div class=\"fusion-layout-column fusion_builder_column fusion-builder-column-9 fusion_builder_column_1_1 1_1 fusion-flex-column fusion-flex-align-self-center\" style=\"--awb-bg-size:cover;--awb-width-large:100%;--awb-margin-top-large:0px;--awb-spacing-right-large:1.92%;--awb-margin-bottom-large:20px;--awb-spacing-left-large:1.92%;--awb-width-medium:100%;--awb-order-medium:0;--awb-spacing-right-medium:1.92%;--awb-spacing-left-medium:1.92%;--awb-width-small:100%;--awb-order-small:0;--awb-spacing-right-small:1.92%;--awb-spacing-left-small:1.92%;\"><div class=\"fusion-column-wrapper fusion-column-has-shadow fusion-flex-justify-content-center fusion-content-layout-column\"><div class=\"fusion-text fusion-text-10 fusion-no-small-visibility\" style=\"--awb-content-alignment:center;--awb-text-color:#000000;\"><div id=\"contactus_sec\">\n<div class=\"cta_button\">Prenez contact avec notre \u00e9quipe et voyons si nous sommes compatibles.<a class=\"button_contact\" style=\"color: #fff;\" href=\"https:\/\/thestgeorgesgroup.ca\/fr\/nous-joindre\/\">Nous joindre<\/a><\/div>\n<\/div>\n<\/div><div class=\"fusion-text fusion-text-11 fusion-no-medium-visibility fusion-no-large-visibility mobile_fr_cta\"><div id=\"contactus_sec1\">\n<div class=\"cta_button1\" style=\"background-color: #fff; text-align: left; padding: 12px 5px 4px 15px; width: 100%; font-size: 20px; letter-spacing: -1px; line-height: 26px; color: #000000; font-weight: 600; background-repeat: no-repeat; \/* height: 60px; *\/ background-position: 100%;\">Prenez contact avec notre \u00e9quipe et voyons si nous sommes compatibles.<a class=\"button_contact\" style=\"color: #fff;\" href=\"https:\/\/thestgeorgesgroup.ca\/fr\/nous-joindre\/\">Nos Joindre<\/a><\/div>\n<div style=\"font-size: 20px; letter-spacing: -1px; font-weight: 600; background-image: url('https:\/\/thestgeorgesgroup.ca\/wp-content\/uploads\/2021\/10\/Blue-Button@1X-2.png'); background-repeat: no-repeat; height: 60px; width: 100%; background-position: 100%; margin: 16px -13px 10px -22px; padding: 18px 18px 10px 51px; color: #fff; text-align: center;\"><a href=\"https:\/\/thestgeorgesgroup.ca\/fr\/nous-joindre\/\">Nous joindre<\/a><\/div>\n<\/div>\n<\/div><\/div><\/div><\/div><\/div>\n<\/p>\n","protected":false},"excerpt":{"rendered":"","protected":false},"author":4,"featured_media":0,"parent":7642,"menu_order":26,"comment_status":"closed","ping_status":"closed","template":"100-width.php","meta":{"footnotes":""},"class_list":["post-7635","page","type-page","status-publish","hentry"],"_links":{"self":[{"href":"https:\/\/thestgeorgesgroup.ca\/fr\/wp-json\/wp\/v2\/pages\/7635","targetHints":{"allow":["GET"]}}],"collection":[{"href":"https:\/\/thestgeorgesgroup.ca\/fr\/wp-json\/wp\/v2\/pages"}],"about":[{"href":"https:\/\/thestgeorgesgroup.ca\/fr\/wp-json\/wp\/v2\/types\/page"}],"author":[{"embeddable":true,"href":"https:\/\/thestgeorgesgroup.ca\/fr\/wp-json\/wp\/v2\/users\/4"}],"replies":[{"embeddable":true,"href":"https:\/\/thestgeorgesgroup.ca\/fr\/wp-json\/wp\/v2\/comments?post=7635"}],"version-history":[{"count":1,"href":"https:\/\/thestgeorgesgroup.ca\/fr\/wp-json\/wp\/v2\/pages\/7635\/revisions"}],"predecessor-version":[{"id":7978,"href":"https:\/\/thestgeorgesgroup.ca\/fr\/wp-json\/wp\/v2\/pages\/7635\/revisions\/7978"}],"up":[{"embeddable":true,"href":"https:\/\/thestgeorgesgroup.ca\/fr\/wp-json\/wp\/v2\/pages\/7642"}],"wp:attachment":[{"href":"https:\/\/thestgeorgesgroup.ca\/fr\/wp-json\/wp\/v2\/media?parent=7635"}],"curies":[{"name":"wp","href":"https:\/\/api.w.org\/{rel}","templated":true}]}}