{"id":7636,"date":"2021-06-18T12:32:24","date_gmt":"2021-06-18T12:32:24","guid":{"rendered":"https:\/\/thestgeorgesgroup.ca\/?page_id=7636"},"modified":"2022-01-13T17:06:46","modified_gmt":"2022-01-13T22:06:46","slug":"gestion-tresorerie-et-dette","status":"publish","type":"page","link":"https:\/\/thestgeorgesgroup.ca\/fr\/gestion-de-patrimoine\/gestion-tresorerie-et-dette\/","title":{"rendered":"Gestion de la tr\u00e9sorerie et de la dette"},"content":{"rendered":"<p><div class=\"fusion-fullwidth fullwidth-box fusion-builder-row-1 fusion-flex-container nonhundred-percent-fullwidth non-hundred-percent-height-scrolling\" style=\"--awb-border-radius-top-left:0px;--awb-border-radius-top-right:0px;--awb-border-radius-bottom-right:0px;--awb-border-radius-bottom-left:0px;--awb-margin-top:30px;--awb-flex-wrap:wrap;\" ><div class=\"fusion-builder-row fusion-row fusion-flex-align-items-flex-start fusion-flex-content-wrap\" style=\"max-width:1352px;margin-left: calc(-4% \/ 2 );margin-right: calc(-4% \/ 2 );\"><div class=\"fusion-layout-column fusion_builder_column fusion-builder-column-0 fusion_builder_column_1_1 1_1 fusion-flex-column\" style=\"--awb-bg-size:cover;--awb-width-large:100%;--awb-margin-top-large:0px;--awb-spacing-right-large:1.92%;--awb-margin-bottom-large:20px;--awb-spacing-left-large:1.92%;--awb-width-medium:100%;--awb-order-medium:0;--awb-spacing-right-medium:1.92%;--awb-spacing-left-medium:1.92%;--awb-width-small:100%;--awb-order-small:0;--awb-spacing-right-small:1.92%;--awb-spacing-left-small:1.92%;\"><div class=\"fusion-column-wrapper fusion-column-has-shadow fusion-flex-justify-content-flex-start fusion-content-layout-column\"><div class=\"fusion-text fusion-text-1\"><h1>Solutions de gestion de la tr\u00e9sorerie et de la dette<\/h1>\n<\/div><\/div><\/div><\/div><\/div><div class=\"fusion-fullwidth fullwidth-box fusion-builder-row-2 fusion-flex-container nonhundred-percent-fullwidth non-hundred-percent-height-scrolling\" style=\"--awb-border-radius-top-left:0px;--awb-border-radius-top-right:0px;--awb-border-radius-bottom-right:0px;--awb-border-radius-bottom-left:0px;--awb-flex-wrap:wrap;\" ><div class=\"fusion-builder-row fusion-row fusion-flex-align-items-flex-start fusion-flex-content-wrap\" style=\"max-width:1352px;margin-left: calc(-4% \/ 2 );margin-right: calc(-4% \/ 2 );\"><div class=\"fusion-layout-column fusion_builder_column fusion-builder-column-1 fusion_builder_column_1_1 1_1 fusion-flex-column\" style=\"--awb-bg-size:cover;--awb-width-large:100%;--awb-margin-top-large:0px;--awb-spacing-right-large:1.92%;--awb-margin-bottom-large:20px;--awb-spacing-left-large:1.92%;--awb-width-medium:100%;--awb-order-medium:0;--awb-spacing-right-medium:1.92%;--awb-spacing-left-medium:1.92%;--awb-width-small:100%;--awb-order-small:0;--awb-spacing-right-small:1.92%;--awb-spacing-left-small:1.92%;\"><div class=\"fusion-column-wrapper fusion-column-has-shadow fusion-flex-justify-content-flex-start fusion-content-layout-column\"><div class=\"fusion-text fusion-text-2\"><p>Pour jouir de la tranquilit\u00e9 d&#8217;esprit et \u00e9viter les crises financi\u00e8res, il est important de surveiller de pr\u00e8s la fa\u00e7on dont vos finances personnelles et professionnelles fluctuent tout au long de l\u2019ann\u00e9e. Sans une compr\u00e9hension approfondie de votre flux de tr\u00e9sorerie et de votre dette, il peut \u00eatre difficile d\u2019optimiser votre entreprise, de planifier vos besoins futurs, d\u2019atteindre vos objectifs et de prendre des d\u00e9cisions \u00e9clair\u00e9es.<\/p>\n<p>Ne pas avoir une compr\u00e9hension intime de votre flux de tr\u00e9sorerie et de votre dette peut mettre en p\u00e9ril la s\u00e9curit\u00e9 de votre famille et de votre entreprise, en particulier lorsqu\u2019un \u00e9v\u00e9nement inattendu ou co\u00fbteux survient. Au Groupe St-Georges, nos <a href=\"https:\/\/thestgeorgesgroup.ca\/fr\/conseiller-gestion-de-patrimoine\/\">conseillers en gestion de patrimoine<\/a> vous aident \u00e0 g\u00e9rer votre tr\u00e9sorerie et votre dette en tenant compte de vos revenus, de vos actifs, de vos dettes et de vos r\u00eaves pour l\u2019avenir.<\/p>\n<\/div><\/div><\/div><\/div><\/div><div class=\"fusion-fullwidth fullwidth-box fusion-builder-row-3 fusion-flex-container nonhundred-percent-fullwidth non-hundred-percent-height-scrolling\" style=\"--awb-border-radius-top-left:0px;--awb-border-radius-top-right:0px;--awb-border-radius-bottom-right:0px;--awb-border-radius-bottom-left:0px;--awb-margin-bottom:40px;--awb-flex-wrap:wrap;\" ><div class=\"fusion-builder-row fusion-row fusion-flex-align-items-flex-start fusion-flex-content-wrap\" style=\"max-width:1352px;margin-left: calc(-4% \/ 2 );margin-right: calc(-4% \/ 2 );\"><div class=\"fusion-layout-column fusion_builder_column fusion-builder-column-2 fusion_builder_column_1_1 1_1 fusion-flex-column\" style=\"--awb-bg-size:cover;--awb-width-large:100%;--awb-margin-top-large:0px;--awb-spacing-right-large:1.92%;--awb-margin-bottom-large:20px;--awb-spacing-left-large:1.92%;--awb-width-medium:100%;--awb-order-medium:0;--awb-spacing-right-medium:1.92%;--awb-spacing-left-medium:1.92%;--awb-width-small:100%;--awb-order-small:0;--awb-spacing-right-small:1.92%;--awb-spacing-left-small:1.92%;\"><div class=\"fusion-column-wrapper fusion-column-has-shadow fusion-flex-justify-content-flex-start fusion-content-layout-column\"><div class=\"fusion-text fusion-text-3\"><h2>Suivi de tr\u00e9sorerie et gestion de dette<\/h2>\n<\/div><\/div><\/div><div class=\"fusion-layout-column fusion_builder_column fusion-builder-column-3 fusion_builder_column_1_2 1_2 fusion-flex-column\" style=\"--awb-bg-size:cover;--awb-width-large:50%;--awb-margin-top-large:0px;--awb-spacing-right-large:3.84%;--awb-margin-bottom-large:20px;--awb-spacing-left-large:3.84%;--awb-width-medium:50%;--awb-order-medium:0;--awb-spacing-right-medium:3.84%;--awb-spacing-left-medium:3.84%;--awb-width-small:100%;--awb-order-small:0;--awb-spacing-right-small:1.92%;--awb-spacing-left-small:1.92%;\"><div class=\"fusion-column-wrapper fusion-column-has-shadow fusion-flex-justify-content-flex-start fusion-content-layout-column\"><div class=\"fusion-text fusion-text-4\"><p>Demander des conseils sur la gestion de votre flux de tr\u00e9sorerie et de votre dette peut vous aider \u00e0 am\u00e9liorer votre situation financi\u00e8re et vous fournir la flexibilit\u00e9 dont vous avez besoin pour faire cro\u00eetre votre entreprise, profiter de votre patrimoine, planifier pour l\u2019avenir et relever rapidement les d\u00e9fis qui se pr\u00e9sentent.<\/p>\n<\/div><div class=\"fusion-text fusion-text-5\"><p>Notre \u00e9quipe de professionnels peut vous aider avec :<\/p>\n<\/div><ul style=\"--awb-line-height:27.2px;--awb-icon-width:27.2px;--awb-icon-height:27.2px;--awb-icon-margin:11.2px;--awb-content-margin:38.4px;--awb-circlecolor:#80a6a9;--awb-circle-yes-font-size:14.08px;\" class=\"fusion-checklist fusion-checklist-1 fusion-checklist-default type-icons\"><li class=\"fusion-li-item\" style=\"\"><span class=\"icon-wrapper circle-yes\"><i class=\"fusion-li-icon awb-icon-check\" aria-hidden=\"true\"><\/i><\/span><div class=\"fusion-li-item-content\">Projections des flux de tr\u00e9sorerie<\/div><\/li><li class=\"fusion-li-item\" style=\"\"><span class=\"icon-wrapper circle-yes\"><i class=\"fusion-li-icon awb-icon-check\" aria-hidden=\"true\"><\/i><\/span><div class=\"fusion-li-item-content\">Examen du taux d\u2019ex\u00e9cution<\/div><\/li><li class=\"fusion-li-item\" style=\"\"><span class=\"icon-wrapper circle-yes\"><i class=\"fusion-li-icon awb-icon-check\" aria-hidden=\"true\"><\/i><\/span><div class=\"fusion-li-item-content\">Strat\u00e9gies de retrait d\u2019esp\u00e8ces<\/div><\/li><li class=\"fusion-li-item\" style=\"\"><span class=\"icon-wrapper circle-yes\"><i class=\"fusion-li-icon awb-icon-check\" aria-hidden=\"true\"><\/i><\/span><div class=\"fusion-li-item-content\">Examen de la gestion de la dette<\/div><\/li><li class=\"fusion-li-item\" style=\"\"><span class=\"icon-wrapper circle-yes\"><i class=\"fusion-li-icon awb-icon-check\" aria-hidden=\"true\"><\/i><\/span><div class=\"fusion-li-item-content\">Examen des marges de cr\u00e9dit<\/div><\/li><\/ul><\/div><\/div><div class=\"fusion-layout-column fusion_builder_column fusion-builder-column-4 fusion_builder_column_1_2 1_2 fusion-flex-column\" style=\"--awb-bg-size:cover;--awb-width-large:50%;--awb-margin-top-large:0px;--awb-spacing-right-large:3.84%;--awb-margin-bottom-large:20px;--awb-spacing-left-large:3.84%;--awb-width-medium:50%;--awb-order-medium:0;--awb-spacing-right-medium:3.84%;--awb-spacing-left-medium:3.84%;--awb-width-small:100%;--awb-order-small:0;--awb-spacing-right-small:1.92%;--awb-spacing-left-small:1.92%;\"><div class=\"fusion-column-wrapper fusion-column-has-shadow fusion-flex-justify-content-flex-start fusion-content-layout-column\"><div class=\"fusion-image-element \" style=\"--awb-caption-title-font-family:var(--h2_typography-font-family);--awb-caption-title-font-weight:var(--h2_typography-font-weight);--awb-caption-title-font-style:var(--h2_typography-font-style);--awb-caption-title-size:var(--h2_typography-font-size);--awb-caption-title-transform:var(--h2_typography-text-transform);--awb-caption-title-line-height:var(--h2_typography-line-height);--awb-caption-title-letter-spacing:var(--h2_typography-letter-spacing);\"><span class=\" fusion-imageframe imageframe-none imageframe-1 hover-type-none\"><img decoding=\"async\" width=\"800\" height=\"503\" alt=\"Cash Flow and Debt Management\" title=\"Cash Flow and Debt Management\" src=\"https:\/\/thestgeorgesgroup.ca\/wp-content\/uploads\/2021\/12\/Cash-Flow-and-Debt-Management.jpg\" class=\"img-responsive wp-image-8426\" srcset=\"https:\/\/thestgeorgesgroup.ca\/wp-content\/uploads\/2021\/12\/Cash-Flow-and-Debt-Management-200x126.jpg 200w, https:\/\/thestgeorgesgroup.ca\/wp-content\/uploads\/2021\/12\/Cash-Flow-and-Debt-Management-400x252.jpg 400w, https:\/\/thestgeorgesgroup.ca\/wp-content\/uploads\/2021\/12\/Cash-Flow-and-Debt-Management-600x377.jpg 600w, https:\/\/thestgeorgesgroup.ca\/wp-content\/uploads\/2021\/12\/Cash-Flow-and-Debt-Management.jpg 800w\" sizes=\"(max-width: 640px) 100vw, 800px\" \/><\/span><\/div><\/div><\/div><\/div><\/div><div class=\"fusion-fullwidth fullwidth-box fusion-builder-row-4 fusion-flex-container nonhundred-percent-fullwidth non-hundred-percent-height-scrolling\" style=\"--awb-border-radius-top-left:0px;--awb-border-radius-top-right:0px;--awb-border-radius-bottom-right:0px;--awb-border-radius-bottom-left:0px;--awb-flex-wrap:wrap;\" ><div class=\"fusion-builder-row fusion-row fusion-flex-align-items-flex-start fusion-flex-content-wrap\" style=\"max-width:1352px;margin-left: calc(-4% \/ 2 );margin-right: calc(-4% \/ 2 );\"><div class=\"fusion-layout-column fusion_builder_column fusion-builder-column-5 fusion_builder_column_1_1 1_1 fusion-flex-column\" style=\"--awb-bg-size:cover;--awb-width-large:100%;--awb-margin-top-large:0px;--awb-spacing-right-large:1.92%;--awb-margin-bottom-large:20px;--awb-spacing-left-large:1.92%;--awb-width-medium:100%;--awb-order-medium:0;--awb-spacing-right-medium:1.92%;--awb-spacing-left-medium:1.92%;--awb-width-small:100%;--awb-order-small:0;--awb-spacing-right-small:1.92%;--awb-spacing-left-small:1.92%;\"><div class=\"fusion-column-wrapper fusion-column-has-shadow fusion-flex-justify-content-flex-start fusion-content-layout-column\"><div class=\"fusion-text fusion-text-6\"><h2>Une approche personnalis\u00e9e de la gestion des flux de tr\u00e9sorerie et de la dette<\/h2>\n<p>Au Groupe St-Georges, nous utilisons une <a href=\"https:\/\/thestgeorgesgroup.ca\/fr\/approche\/\">approche int\u00e9gr\u00e9e de planification patrimoniale<\/a> pour les conseils financiers qui tient compte de ce qui importe le plus pour vous et votre famille, aujourd\u2019hui et demain. Nous examinons de mani\u00e8re exhaustive et approfondie tous vos actifs et passifs avant de pr\u00e9senter un plan de gestion de flux de tr\u00e9sorerie et de la dette adapt\u00e9 \u00e0 vos priorit\u00e9s et objectifs individualis\u00e9s. Nous inviterons \u00e9galement vos conseillers ou employ\u00e9s fiscaux, juridiques et comptables actuels \u00e0 se joindre \u00e0 nous pour optimiser votre entreprise, planifier son avenir et atteindre vos objectifs financiers d\u2019entreprise et personnels.<\/p>\n<\/div><\/div><\/div><\/div><\/div><div class=\"fusion-fullwidth fullwidth-box fusion-builder-row-5 fusion-flex-container has-pattern-background has-mask-background fusion-parallax-none nonhundred-percent-fullwidth non-hundred-percent-height-scrolling\" style=\"--awb-border-radius-top-left:0px;--awb-border-radius-top-right:0px;--awb-border-radius-bottom-right:0px;--awb-border-radius-bottom-left:0px;--awb-padding-top:30px;--awb-padding-bottom:25px;--awb-margin-bottom:-50px;--awb-background-image:url(&quot;https:\/\/thestgeorgesgroup.ca\/wp-content\/uploads\/2021\/10\/grey-bg.jpg&quot;);--awb-background-size:cover;--awb-flex-wrap:wrap;\" id=\"bottom-cta\" ><div class=\"fusion-builder-row fusion-row fusion-flex-align-items-center fusion-flex-justify-content-center fusion-flex-content-wrap\" style=\"max-width:1352px;margin-left: calc(-4% \/ 2 );margin-right: calc(-4% \/ 2 );\"><div class=\"fusion-layout-column fusion_builder_column fusion-builder-column-6 fusion_builder_column_1_1 1_1 fusion-flex-column fusion-flex-align-self-center\" style=\"--awb-bg-size:cover;--awb-width-large:100%;--awb-margin-top-large:0px;--awb-spacing-right-large:1.92%;--awb-margin-bottom-large:20px;--awb-spacing-left-large:1.92%;--awb-width-medium:100%;--awb-order-medium:0;--awb-spacing-right-medium:1.92%;--awb-spacing-left-medium:1.92%;--awb-width-small:100%;--awb-order-small:0;--awb-spacing-right-small:1.92%;--awb-spacing-left-small:1.92%;\"><div class=\"fusion-column-wrapper fusion-column-has-shadow fusion-flex-justify-content-center fusion-content-layout-column\"><div class=\"fusion-text fusion-text-7 fusion-no-small-visibility\" style=\"--awb-content-alignment:center;--awb-text-color:#000000;\"><div id=\"contactus_sec\">\n<div class=\"cta_button\">Prenez contact avec notre \u00e9quipe et voyons si nous sommes compatibles.<a class=\"button_contact\" style=\"color: #fff;\" href=\"https:\/\/thestgeorgesgroup.ca\/fr\/nous-joindre\/\">Nous joindre<\/a><\/div>\n<\/div>\n<\/div><div class=\"fusion-text fusion-text-8 fusion-no-medium-visibility fusion-no-large-visibility mobile_fr_cta\"><div id=\"contactus_sec1\">\n<div class=\"cta_button1\" style=\"background-color: #fff; text-align: left; padding: 12px 5px 4px 15px; width: 100%; font-size: 20px; letter-spacing: -1px; line-height: 26px; color: #000000; font-weight: 600; background-repeat: no-repeat; \/* height: 60px; *\/ background-position: 100%;\">Prenez contact avec notre \u00e9quipe et voyons si nous sommes compatibles.<a class=\"button_contact\" style=\"color: #fff;\" href=\"https:\/\/thestgeorgesgroup.ca\/fr\/nous-joindre\/\">Nos Joindre<\/a><\/div>\n<div style=\"font-size: 20px; letter-spacing: -1px; font-weight: 600; background-image: url('https:\/\/thestgeorgesgroup.ca\/wp-content\/uploads\/2021\/10\/Blue-Button@1X-2.png'); background-repeat: no-repeat; height: 60px; width: 100%; background-position: 100%; margin: 16px -13px 10px -22px; padding: 18px 18px 10px 51px; color: #fff; text-align: center;\"><a href=\"https:\/\/thestgeorgesgroup.ca\/fr\/nous-joindre\/\">Nous joindre<\/a><\/div>\n<\/div>\n<\/div><\/div><\/div><\/div><\/div>\n<\/p>\n","protected":false},"excerpt":{"rendered":"","protected":false},"author":4,"featured_media":0,"parent":7642,"menu_order":26,"comment_status":"closed","ping_status":"closed","template":"100-width.php","meta":{"footnotes":""},"class_list":["post-7636","page","type-page","status-publish","hentry"],"_links":{"self":[{"href":"https:\/\/thestgeorgesgroup.ca\/fr\/wp-json\/wp\/v2\/pages\/7636","targetHints":{"allow":["GET"]}}],"collection":[{"href":"https:\/\/thestgeorgesgroup.ca\/fr\/wp-json\/wp\/v2\/pages"}],"about":[{"href":"https:\/\/thestgeorgesgroup.ca\/fr\/wp-json\/wp\/v2\/types\/page"}],"author":[{"embeddable":true,"href":"https:\/\/thestgeorgesgroup.ca\/fr\/wp-json\/wp\/v2\/users\/4"}],"replies":[{"embeddable":true,"href":"https:\/\/thestgeorgesgroup.ca\/fr\/wp-json\/wp\/v2\/comments?post=7636"}],"version-history":[{"count":1,"href":"https:\/\/thestgeorgesgroup.ca\/fr\/wp-json\/wp\/v2\/pages\/7636\/revisions"}],"predecessor-version":[{"id":8368,"href":"https:\/\/thestgeorgesgroup.ca\/fr\/wp-json\/wp\/v2\/pages\/7636\/revisions\/8368"}],"up":[{"embeddable":true,"href":"https:\/\/thestgeorgesgroup.ca\/fr\/wp-json\/wp\/v2\/pages\/7642"}],"wp:attachment":[{"href":"https:\/\/thestgeorgesgroup.ca\/fr\/wp-json\/wp\/v2\/media?parent=7636"}],"curies":[{"name":"wp","href":"https:\/\/api.w.org\/{rel}","templated":true}]}}