{"id":7639,"date":"2021-06-18T12:33:14","date_gmt":"2021-06-18T12:33:14","guid":{"rendered":"https:\/\/thestgeorgesgroup.ca\/?page_id=7639"},"modified":"2022-01-20T17:33:30","modified_gmt":"2022-01-20T22:33:30","slug":"planification-revenu-de-retraite","status":"publish","type":"page","link":"https:\/\/thestgeorgesgroup.ca\/fr\/gestion-de-patrimoine\/planification-revenu-de-retraite\/","title":{"rendered":"Planification du revenu de retraite"},"content":{"rendered":"<p><div class=\"fusion-fullwidth fullwidth-box fusion-builder-row-1 fusion-flex-container nonhundred-percent-fullwidth non-hundred-percent-height-scrolling\" style=\"--awb-border-radius-top-left:0px;--awb-border-radius-top-right:0px;--awb-border-radius-bottom-right:0px;--awb-border-radius-bottom-left:0px;--awb-margin-top:30px;--awb-flex-wrap:wrap;\" ><div class=\"fusion-builder-row fusion-row fusion-flex-align-items-flex-start fusion-flex-content-wrap\" style=\"max-width:1352px;margin-left: calc(-4% \/ 2 );margin-right: calc(-4% \/ 2 );\"><div class=\"fusion-layout-column fusion_builder_column fusion-builder-column-0 fusion_builder_column_1_1 1_1 fusion-flex-column\" style=\"--awb-bg-size:cover;--awb-width-large:100%;--awb-margin-top-large:0px;--awb-spacing-right-large:1.92%;--awb-margin-bottom-large:20px;--awb-spacing-left-large:1.92%;--awb-width-medium:100%;--awb-order-medium:0;--awb-spacing-right-medium:1.92%;--awb-spacing-left-medium:1.92%;--awb-width-small:100%;--awb-order-small:0;--awb-spacing-right-small:1.92%;--awb-spacing-left-small:1.92%;\"><div class=\"fusion-column-wrapper fusion-column-has-shadow fusion-flex-justify-content-flex-start fusion-content-layout-column\"><div class=\"fusion-text fusion-text-1\"><h1>Conseils en planification du revenu de retraite<\/h1>\n<\/div><\/div><\/div><\/div><\/div><div class=\"fusion-fullwidth fullwidth-box fusion-builder-row-2 fusion-flex-container nonhundred-percent-fullwidth non-hundred-percent-height-scrolling\" style=\"--awb-border-radius-top-left:0px;--awb-border-radius-top-right:0px;--awb-border-radius-bottom-right:0px;--awb-border-radius-bottom-left:0px;--awb-padding-bottom:40px;--awb-flex-wrap:wrap;\" ><div class=\"fusion-builder-row fusion-row fusion-flex-align-items-flex-start fusion-flex-content-wrap\" style=\"max-width:1352px;margin-left: calc(-4% \/ 2 );margin-right: calc(-4% \/ 2 );\"><div class=\"fusion-layout-column fusion_builder_column fusion-builder-column-1 fusion_builder_column_1_1 1_1 fusion-flex-column\" style=\"--awb-bg-size:cover;--awb-width-large:100%;--awb-margin-top-large:0px;--awb-spacing-right-large:1.92%;--awb-margin-bottom-large:20px;--awb-spacing-left-large:1.92%;--awb-width-medium:100%;--awb-order-medium:0;--awb-spacing-right-medium:1.92%;--awb-spacing-left-medium:1.92%;--awb-width-small:100%;--awb-order-small:0;--awb-spacing-right-small:1.92%;--awb-spacing-left-small:1.92%;\"><div class=\"fusion-column-wrapper fusion-column-has-shadow fusion-flex-justify-content-flex-start fusion-content-layout-column\"><div class=\"fusion-text fusion-text-2\"><p>La planification du revenu de retraite ne consiste pas seulement \u00e0 mettre de l&#8217;argent de c\u00f4t\u00e9 pour plus tard. L&#8217;\u00e9laboration de votre strat\u00e9gie de revenu de retraite doit tenir compte de nombreux facteurs qui peuvent varier en fonction de votre \u00e2ge, de vos r\u00eaves pour votre retraite et des facteurs externes qui peuvent avoir une incidence sur vos placements.<\/p>\n<p>Au Groupe St-Georges, notre \u00e9quipe veille \u00e0 ce que vous puissiez conserver votre style de vie actuel et profiter pleinement de votre retraite en vous fournissant des conseils fiables en mati\u00e8re de planification du revenu de retraite. Nous vous aidons \u00e0 g\u00e9rer les risques, \u00e0 r\u00e9duire votre charge fiscale, \u00e0 faire des choix qui sont dans votre meilleur int\u00e9r\u00eat et \u00e0 maintenir votre patrimoine en vous offrant des conseils int\u00e9gr\u00e9s en mati\u00e8re de planification du revenu de retraite qui sont adapt\u00e9s \u00e0 la situation unique de votre famille.<\/p>\n<\/div><\/div><\/div><\/div><\/div><div class=\"fusion-fullwidth fullwidth-box fusion-builder-row-3 fusion-flex-container fusion-parallax-none nonhundred-percent-fullwidth non-hundred-percent-height-scrolling fusion-no-small-visibility fusion-no-medium-visibility\" style=\"--awb-border-radius-top-left:0px;--awb-border-radius-top-right:0px;--awb-border-radius-bottom-right:0px;--awb-border-radius-bottom-left:0px;--awb-background-image:url(&quot;https:\/\/thestgeorgesgroup.ca\/wp-content\/uploads\/2021\/12\/Clients-Panel-COUPLE.jpg&quot;);--awb-background-size:cover;--awb-flex-wrap:wrap;\" ><div class=\"fusion-builder-row fusion-row fusion-flex-align-items-flex-start fusion-flex-content-wrap\" style=\"max-width:1352px;margin-left: calc(-4% \/ 2 );margin-right: calc(-4% \/ 2 );\"><div class=\"fusion-layout-column fusion_builder_column fusion-builder-column-2 fusion_builder_column_3_5 3_5 fusion-flex-column\" style=\"--awb-padding-top:75px;--awb-padding-bottom:75px;--awb-bg-size:cover;--awb-width-large:60%;--awb-margin-top-large:0px;--awb-spacing-right-large:3.2%;--awb-margin-bottom-large:20px;--awb-spacing-left-large:3.2%;--awb-width-medium:60%;--awb-order-medium:0;--awb-spacing-right-medium:3.2%;--awb-spacing-left-medium:3.2%;--awb-width-small:100%;--awb-order-small:0;--awb-spacing-right-small:1.92%;--awb-spacing-left-small:1.92%;\"><div class=\"fusion-column-wrapper fusion-column-has-shadow fusion-flex-justify-content-flex-start fusion-content-layout-column\"><div class=\"fusion-text fusion-text-3\"><h2>Gestion des risques pour votre revenu de retraite<\/h2>\n<p>M\u00eame si votre entreprise est bien \u00e9tablie et que vous \u00eates un investisseur d\u00e9vou\u00e9, de nombreux risques pourraient menacer vos \u00e9conomies durement gagn\u00e9es. La performance du march\u00e9, l\u2019inflation et votre sant\u00e9 personnelle sont tous des facteurs \u00e0 prendre en consid\u00e9ration lors de la planification de votre retraite.<\/p>\n<p>Travailler avec des <a href=\"https:\/\/thestgeorgesgroup.ca\/fr\/conseiller-gestion-de-patrimoine\/\">conseillers en gestion de patrimoine<\/a> exp\u00e9riment\u00e9s comme ceux du Groupe St-Georges peut vous aider \u00e0 vous pr\u00e9parer et \u00e0 vous adapter aux risques afin que vous puissiez prendre votre retraite confortablement l&#8217;esprit tranquille.<\/p>\n<\/div><\/div><\/div><\/div><\/div><div class=\"fusion-fullwidth fullwidth-box fusion-builder-row-4 fusion-flex-container fusion-parallax-none nonhundred-percent-fullwidth non-hundred-percent-height-scrolling fusion-no-large-visibility\" style=\"--awb-border-radius-top-left:0px;--awb-border-radius-top-right:0px;--awb-border-radius-bottom-right:0px;--awb-border-radius-bottom-left:0px;--awb-background-image:url(&quot;https:\/\/thestgeorgesgroup.ca\/wp-content\/uploads\/2021\/12\/Clients-Panel-COUPLE.jpg&quot;);--awb-background-size:cover;--awb-flex-wrap:wrap;\" ><div class=\"fusion-builder-row fusion-row fusion-flex-align-items-flex-start fusion-flex-content-wrap\" style=\"max-width:1352px;margin-left: calc(-4% \/ 2 );margin-right: calc(-4% \/ 2 );\"><div class=\"fusion-layout-column fusion_builder_column fusion-builder-column-3 fusion_builder_column_1_1 1_1 fusion-flex-column fusion-no-large-visibility\" style=\"--awb-padding-top:40px;--awb-bg-size:cover;--awb-width-large:100%;--awb-margin-top-large:0px;--awb-spacing-right-large:1.92%;--awb-margin-bottom-large:20px;--awb-spacing-left-large:1.92%;--awb-width-medium:100%;--awb-order-medium:0;--awb-spacing-right-medium:1.92%;--awb-spacing-left-medium:1.92%;--awb-width-small:100%;--awb-order-small:0;--awb-spacing-right-small:1.92%;--awb-spacing-left-small:1.92%;\"><div class=\"fusion-column-wrapper fusion-column-has-shadow fusion-flex-justify-content-flex-start fusion-content-layout-column\"><div class=\"fusion-image-element \" style=\"--awb-caption-title-font-family:var(--h2_typography-font-family);--awb-caption-title-font-weight:var(--h2_typography-font-weight);--awb-caption-title-font-style:var(--h2_typography-font-style);--awb-caption-title-size:var(--h2_typography-font-size);--awb-caption-title-transform:var(--h2_typography-text-transform);--awb-caption-title-line-height:var(--h2_typography-line-height);--awb-caption-title-letter-spacing:var(--h2_typography-letter-spacing);\"><span class=\" fusion-imageframe imageframe-none imageframe-1 hover-type-none\"><img decoding=\"async\" width=\"1024\" height=\"718\" alt=\"Retirement Income planning\" title=\"Retirement Income planning_Mobile\" src=\"https:\/\/thestgeorgesgroup.ca\/wp-content\/uploads\/2022\/01\/Retirement-Income-planning_Mobile.jpg\" class=\"img-responsive wp-image-8582\" srcset=\"https:\/\/thestgeorgesgroup.ca\/wp-content\/uploads\/2022\/01\/Retirement-Income-planning_Mobile-200x140.jpg 200w, https:\/\/thestgeorgesgroup.ca\/wp-content\/uploads\/2022\/01\/Retirement-Income-planning_Mobile-400x280.jpg 400w, https:\/\/thestgeorgesgroup.ca\/wp-content\/uploads\/2022\/01\/Retirement-Income-planning_Mobile-600x421.jpg 600w, https:\/\/thestgeorgesgroup.ca\/wp-content\/uploads\/2022\/01\/Retirement-Income-planning_Mobile-800x561.jpg 800w, https:\/\/thestgeorgesgroup.ca\/wp-content\/uploads\/2022\/01\/Retirement-Income-planning_Mobile.jpg 1024w\" sizes=\"(max-width: 640px) 100vw, 1024px\" \/><\/span><\/div><\/div><\/div><div class=\"fusion-layout-column fusion_builder_column fusion-builder-column-4 fusion_builder_column_1_1 1_1 fusion-flex-column\" style=\"--awb-padding-top:40px;--awb-padding-bottom:75px;--awb-bg-size:cover;--awb-width-large:100%;--awb-margin-top-large:0px;--awb-spacing-right-large:1.92%;--awb-margin-bottom-large:20px;--awb-spacing-left-large:1.92%;--awb-width-medium:100%;--awb-order-medium:0;--awb-spacing-right-medium:1.92%;--awb-spacing-left-medium:1.92%;--awb-width-small:100%;--awb-order-small:0;--awb-spacing-right-small:1.92%;--awb-spacing-left-small:1.92%;\"><div class=\"fusion-column-wrapper fusion-column-has-shadow fusion-flex-justify-content-flex-start fusion-content-layout-column\"><div class=\"fusion-text fusion-text-4\"><h2>Gestion des risques pour votre revenu de retraite<\/h2>\n<p>M\u00eame si votre entreprise est bien \u00e9tablie et que vous \u00eates un investisseur d\u00e9vou\u00e9, de nombreux risques pourraient menacer vos \u00e9conomies durement gagn\u00e9es. La performance du march\u00e9, l\u2019inflation et votre sant\u00e9 personnelle sont tous des facteurs \u00e0 prendre en consid\u00e9ration lors de la planification de votre retraite.<\/p>\n<p>Travailler avec des <a href=\"https:\/\/thestgeorgesgroup.ca\/fr\/conseiller-gestion-de-patrimoine\/\">conseillers en gestion de patrimoine<\/a> exp\u00e9riment\u00e9s comme ceux du Groupe St-Georges peut vous aider \u00e0 vous pr\u00e9parer et \u00e0 vous adapter aux risques afin que vous puissiez prendre votre retraite confortablement l&#8217;esprit tranquille.<\/p>\n<\/div><\/div><\/div><\/div><\/div><div class=\"fusion-fullwidth fullwidth-box fusion-builder-row-5 fusion-flex-container nonhundred-percent-fullwidth non-hundred-percent-height-scrolling\" style=\"--awb-border-radius-top-left:0px;--awb-border-radius-top-right:0px;--awb-border-radius-bottom-right:0px;--awb-border-radius-bottom-left:0px;--awb-margin-top:80px;--awb-margin-bottom:80px;--awb-flex-wrap:wrap;\" ><div class=\"fusion-builder-row fusion-row fusion-flex-align-items-flex-start fusion-flex-content-wrap\" style=\"max-width:1352px;margin-left: calc(-4% \/ 2 );margin-right: calc(-4% \/ 2 );\"><div class=\"fusion-layout-column fusion_builder_column fusion-builder-column-5 fusion_builder_column_1_3 1_3 fusion-flex-column\" style=\"--awb-padding-right:20px;--awb-padding-left:20px;--awb-bg-size:cover;--awb-width-large:33.333333333333%;--awb-margin-top-large:0px;--awb-spacing-right-large:5.76%;--awb-margin-bottom-large:20px;--awb-spacing-left-large:5.76%;--awb-width-medium:33.333333333333%;--awb-order-medium:0;--awb-spacing-right-medium:5.76%;--awb-spacing-left-medium:5.76%;--awb-width-small:100%;--awb-order-small:0;--awb-spacing-right-small:1.92%;--awb-spacing-left-small:1.92%;\"><div class=\"fusion-column-wrapper fusion-column-has-shadow fusion-flex-justify-content-flex-start fusion-content-layout-column\"><div class=\"fusion-text fusion-text-5\"><h2>Faites les bons<br \/>\nchoix maintenant<br \/>\net plus tard<\/h2>\n<\/div><\/div><\/div><div class=\"fusion-layout-column fusion_builder_column fusion-builder-column-6 fusion_builder_column_2_3 2_3 fusion-flex-column border-left\" style=\"--awb-bg-size:cover;--awb-width-large:66.666666666667%;--awb-margin-top-large:0px;--awb-spacing-right-large:2.88%;--awb-margin-bottom-large:20px;--awb-spacing-left-large:2.88%;--awb-width-medium:66.666666666667%;--awb-order-medium:0;--awb-spacing-right-medium:2.88%;--awb-spacing-left-medium:2.88%;--awb-width-small:100%;--awb-order-small:0;--awb-spacing-right-small:1.92%;--awb-spacing-left-small:1.92%;\"><div class=\"fusion-column-wrapper fusion-column-has-shadow fusion-flex-justify-content-flex-start fusion-content-layout-column\"><div class=\"fusion-text fusion-text-6\" style=\"--awb-content-alignment:left;\"><p>Les d\u00e9cisions actuelles et futures que vous prenez peuvent avoir un impact significatif sur votre sant\u00e9 financi\u00e8re \u00e0 la retraite. La fa\u00e7on dont vous structurez votre portefeuille, le moment o\u00f9 vous retirez ou transf\u00e9rez des fonds, la fa\u00e7on dont vous \u00e9tablissez votre budget et vos actions pendant la volatilit\u00e9 des march\u00e9s sont autant de consid\u00e9rations cl\u00e9s.<\/p>\n<p>L&#8217;\u00e9quipe de notre <a href=\"https:\/\/thestgeorgesgroup.ca\/fr\/cabinet-gestion-de-patrimoine-assante\/\">cabinet en gestion de patrimoine<\/a> vous aide \u00e0 faire des choix \u00e9clair\u00e9s qui vous seront b\u00e9n\u00e9fiques, vous aideront \u00e0 atteindre vos objectifs et prot\u00e9geront les int\u00e9r\u00eats de votre famille.<\/p>\n<\/div><\/div><\/div><\/div><\/div><div class=\"fusion-fullwidth fullwidth-box fusion-builder-row-6 fusion-flex-container nonhundred-percent-fullwidth non-hundred-percent-height-scrolling\" style=\"--awb-border-radius-top-left:0px;--awb-border-radius-top-right:0px;--awb-border-radius-bottom-right:0px;--awb-border-radius-bottom-left:0px;--awb-margin-top:40px;--awb-margin-bottom:40px;--awb-flex-wrap:wrap;\" ><div class=\"fusion-builder-row fusion-row fusion-flex-align-items-stretch fusion-flex-content-wrap\" style=\"max-width:1352px;margin-left: calc(-4% \/ 2 );margin-right: calc(-4% \/ 2 );\"><div class=\"fusion-layout-column fusion_builder_column fusion-builder-column-7 fusion_builder_column_1_2 1_2 fusion-flex-column\" style=\"--awb-padding-top:40px;--awb-padding-right:40px;--awb-padding-bottom:60px;--awb-padding-left:40px;--awb-bg-color:#1f2d5e;--awb-bg-color-hover:#1f2d5e;--awb-bg-size:cover;--awb-width-large:50%;--awb-margin-top-large:15px;--awb-spacing-right-large:3.84%;--awb-margin-bottom-large:20px;--awb-spacing-left-large:3.84%;--awb-width-medium:50%;--awb-order-medium:0;--awb-spacing-right-medium:3.84%;--awb-spacing-left-medium:3.84%;--awb-width-small:100%;--awb-order-small:0;--awb-spacing-right-small:1.92%;--awb-spacing-left-small:1.92%;\"><div class=\"fusion-column-wrapper fusion-column-has-shadow fusion-flex-justify-content-flex-start fusion-content-layout-column\"><div class=\"fusion-text fusion-text-7\"><h2 style=\"text-align: center;\"><span style=\"color: #ffffff;\">Pr\u00e9servez votre<br \/>\npatrimoine<\/span><\/h2>\n<p style=\"text-align: center;\"><span style=\"color: #ffffff;\">Survivre \u00e0 ses \u00e9conomies, laisser un h\u00e9ritage et transmettre un patrimoine sain \u00e0 sa famille sont un objectif (et une inqui\u00e9tude) pour la plupart des gens qui pensent \u00e0 la retraite. Au Groupe St-Georges, nous vous aidons \u00e0 faire des choix qui vous permettent de profiter de votre patrimoine \u00e0 la retraite, d\u2019avoir un impact sur votre communaut\u00e9 et d\u2019assurer l\u2019avenir de votre famille.<\/span><\/p>\n<p style=\"text-align: center;\"><span style=\"color: #ffffff;\">Nous vous guiderons et vous aiderons \u00e0 naviguer parmi les options disponibles de solutions en planification de la retraite. Nous voulons nous assurer que vous faites des choix judicieux qui vous permettront de compenser certains de vos retraits plus tard dans la vie. Nous pouvons m\u00eame vous aider \u00e0 continuer \u00e0 faire cro\u00eetre votre patrimoine apr\u00e8s avoir pris un recul bien m\u00e9rit\u00e9 de la gestion de votre entreprise.<\/span><\/p>\n<\/div><\/div><\/div><div class=\"fusion-layout-column fusion_builder_column fusion-builder-column-8 fusion_builder_column_1_2 1_2 fusion-flex-column\" style=\"--awb-padding-top:40px;--awb-padding-right:40px;--awb-padding-bottom:34px;--awb-padding-left:40px;--awb-bg-color:#acacac;--awb-bg-color-hover:#acacac;--awb-bg-size:cover;--awb-width-large:50%;--awb-margin-top-large:15px;--awb-spacing-right-large:3.84%;--awb-margin-bottom-large:20px;--awb-spacing-left-large:3.84%;--awb-width-medium:50%;--awb-order-medium:0;--awb-spacing-right-medium:3.84%;--awb-spacing-left-medium:3.84%;--awb-width-small:100%;--awb-order-small:0;--awb-spacing-right-small:1.92%;--awb-spacing-left-small:1.92%;\"><div class=\"fusion-column-wrapper fusion-column-has-shadow fusion-flex-justify-content-flex-start fusion-content-layout-column\"><div class=\"fusion-text fusion-text-8\"><h2 style=\"text-align: center;\"><span style=\"color: #ffffff;\">R\u00e9duisez votre charge fiscale et maximisez votre patrimoine<\/span><\/h2>\n<p style=\"text-align: center;\"><span style=\"color: #ffffff;\">Lors de la vente de votre entreprise ou de son transfert \u00e0 vos successeurs, il est important que vous gardiez le maximum d&#8217;argent dans vos poches afin de vous assurer une retraite confortable et de prot\u00e9ger les int\u00e9r\u00eats de vos proches.<\/span><\/p>\n<p style=\"text-align: center;\"><span style=\"color: #ffffff;\">Profitez des nombreuses strat\u00e9gies qui peuvent r\u00e9duire votre charge fiscale, maximiser votre patrimoine et assurer la r\u00e9ussite de votre famille. Notre \u00e9quipe vous aide \u00e0 comprendre les nombreuses options qui s\u2019offrent \u00e0 vous, comme les REER pour les conjoints, le revenu de placement fiscalement pr\u00e9f\u00e9rentiel, le partage du RPC\/RRQ, l\u2019utilisation efficace des actifs exc\u00e9dentaires, les rentes, la gestion des tranches d\u2019imposition, et plus encore.<\/span><\/p>\n<\/div><\/div><\/div><\/div><\/div><div class=\"fusion-fullwidth fullwidth-box fusion-builder-row-7 fusion-flex-container nonhundred-percent-fullwidth non-hundred-percent-height-scrolling\" style=\"--awb-border-radius-top-left:0px;--awb-border-radius-top-right:0px;--awb-border-radius-bottom-right:0px;--awb-border-radius-bottom-left:0px;--awb-flex-wrap:wrap;\" ><div class=\"fusion-builder-row fusion-row fusion-flex-align-items-flex-start fusion-flex-content-wrap\" style=\"max-width:1352px;margin-left: calc(-4% \/ 2 );margin-right: calc(-4% \/ 2 );\"><div class=\"fusion-layout-column fusion_builder_column fusion-builder-column-9 fusion_builder_column_1_1 1_1 fusion-flex-column\" style=\"--awb-bg-size:cover;--awb-width-large:100%;--awb-margin-top-large:0px;--awb-spacing-right-large:1.92%;--awb-margin-bottom-large:20px;--awb-spacing-left-large:1.92%;--awb-width-medium:100%;--awb-order-medium:0;--awb-spacing-right-medium:1.92%;--awb-spacing-left-medium:1.92%;--awb-width-small:100%;--awb-order-small:0;--awb-spacing-right-small:1.92%;--awb-spacing-left-small:1.92%;\"><div class=\"fusion-column-wrapper fusion-column-has-shadow fusion-flex-justify-content-flex-start fusion-content-layout-column\"><div class=\"fusion-text fusion-text-9\"><h2>Une approche int\u00e9gr\u00e9e et simplifi\u00e9e de la gestion de patrimoine<\/h2>\n<p>Le Groupe St-Georges offre une <a href=\"https:\/\/thestgeorgesgroup.ca\/fr\/approche\/\">approche int\u00e9gr\u00e9e de planification patrimoniale<\/a> adapt\u00e9e \u00e0 votre situation actuelle et future. Nous vous simplifions la vie en vous offrant tous les <a href=\"https:\/\/thestgeorgesgroup.ca\/fr\/gestion-de-patrimoine\/\">conseils en gestion de patrimoine<\/a> dont vous avez besoin dans un seul et m\u00eame endroit. Notre \u00e9quipe tiendra compte de tous les facteurs li\u00e9s \u00e0 votre vie, \u00e0 votre entreprise, \u00e0 vos objectifs et r\u00eaves futurs afin de vous offrir les meilleurs conseils possibles en planification du revenu de retraite. Nous inviterons \u00e9galement votre \u00e9quipe existante de conseillers de confiance \u00e0 se joindre \u00e0 nous pour vous assurer une retraite confortable.<\/p>\n<\/div><\/div><\/div><\/div><\/div><div class=\"fusion-fullwidth fullwidth-box fusion-builder-row-8 fusion-flex-container has-pattern-background has-mask-background fusion-parallax-none nonhundred-percent-fullwidth non-hundred-percent-height-scrolling\" style=\"--awb-border-radius-top-left:0px;--awb-border-radius-top-right:0px;--awb-border-radius-bottom-right:0px;--awb-border-radius-bottom-left:0px;--awb-padding-top:30px;--awb-padding-bottom:25px;--awb-margin-bottom:-50px;--awb-background-image:url(&quot;https:\/\/thestgeorgesgroup.ca\/wp-content\/uploads\/2021\/10\/grey-bg.jpg&quot;);--awb-background-size:cover;--awb-flex-wrap:wrap;\" id=\"bottom-cta\" ><div class=\"fusion-builder-row fusion-row fusion-flex-align-items-center fusion-flex-justify-content-center fusion-flex-content-wrap\" style=\"max-width:1352px;margin-left: calc(-4% \/ 2 );margin-right: calc(-4% \/ 2 );\"><div class=\"fusion-layout-column fusion_builder_column fusion-builder-column-10 fusion_builder_column_1_1 1_1 fusion-flex-column fusion-flex-align-self-center\" style=\"--awb-bg-size:cover;--awb-width-large:100%;--awb-margin-top-large:0px;--awb-spacing-right-large:1.92%;--awb-margin-bottom-large:20px;--awb-spacing-left-large:1.92%;--awb-width-medium:100%;--awb-order-medium:0;--awb-spacing-right-medium:1.92%;--awb-spacing-left-medium:1.92%;--awb-width-small:100%;--awb-order-small:0;--awb-spacing-right-small:1.92%;--awb-spacing-left-small:1.92%;\"><div class=\"fusion-column-wrapper fusion-column-has-shadow fusion-flex-justify-content-center fusion-content-layout-column\"><div class=\"fusion-text fusion-text-10 fusion-no-small-visibility\" style=\"--awb-content-alignment:center;--awb-text-color:#000000;\"><div id=\"contactus_sec\">\n<div class=\"cta_button\">Prenez contact avec notre \u00e9quipe et voyons si nous sommes compatibles.<a class=\"button_contact\" style=\"color: #fff;\" href=\"https:\/\/thestgeorgesgroup.ca\/fr\/nous-joindre\/\">Nous joindre<\/a><\/div>\n<\/div>\n<\/div><div class=\"fusion-text fusion-text-11 fusion-no-medium-visibility fusion-no-large-visibility mobile_fr_cta\"><div id=\"contactus_sec1\">\n<div class=\"cta_button1\" style=\"background-color: #fff; text-align: left; padding: 12px 5px 4px 15px; width: 100%; font-size: 20px; letter-spacing: -1px; line-height: 26px; color: #000000; font-weight: 600; background-repeat: no-repeat; \/* height: 60px; *\/ background-position: 100%;\">Prenez contact avec notre \u00e9quipe et voyons si nous sommes compatibles.<a class=\"button_contact\" style=\"color: #fff;\" href=\"https:\/\/thestgeorgesgroup.ca\/fr\/nous-joindre\/\">Nos Joindre<\/a><\/div>\n<div style=\"font-size: 20px; letter-spacing: -1px; font-weight: 600; background-image: url('https:\/\/thestgeorgesgroup.ca\/wp-content\/uploads\/2021\/10\/Blue-Button@1X-2.png'); background-repeat: no-repeat; height: 60px; width: 100%; background-position: 100%; margin: 16px -13px 10px -22px; padding: 18px 18px 10px 51px; color: #fff; text-align: center;\"><a href=\"https:\/\/thestgeorgesgroup.ca\/fr\/nous-joindre\/\">Nous joindre<\/a><\/div>\n<\/div>\n<\/div><\/div><\/div><\/div><\/div>\n<\/p>\n","protected":false},"excerpt":{"rendered":"","protected":false},"author":4,"featured_media":0,"parent":7642,"menu_order":24,"comment_status":"closed","ping_status":"closed","template":"100-width.php","meta":{"footnotes":""},"class_list":["post-7639","page","type-page","status-publish","hentry"],"_links":{"self":[{"href":"https:\/\/thestgeorgesgroup.ca\/fr\/wp-json\/wp\/v2\/pages\/7639","targetHints":{"allow":["GET"]}}],"collection":[{"href":"https:\/\/thestgeorgesgroup.ca\/fr\/wp-json\/wp\/v2\/pages"}],"about":[{"href":"https:\/\/thestgeorgesgroup.ca\/fr\/wp-json\/wp\/v2\/types\/page"}],"author":[{"embeddable":true,"href":"https:\/\/thestgeorgesgroup.ca\/fr\/wp-json\/wp\/v2\/users\/4"}],"replies":[{"embeddable":true,"href":"https:\/\/thestgeorgesgroup.ca\/fr\/wp-json\/wp\/v2\/comments?post=7639"}],"version-history":[{"count":1,"href":"https:\/\/thestgeorgesgroup.ca\/fr\/wp-json\/wp\/v2\/pages\/7639\/revisions"}],"predecessor-version":[{"id":8363,"href":"https:\/\/thestgeorgesgroup.ca\/fr\/wp-json\/wp\/v2\/pages\/7639\/revisions\/8363"}],"up":[{"embeddable":true,"href":"https:\/\/thestgeorgesgroup.ca\/fr\/wp-json\/wp\/v2\/pages\/7642"}],"wp:attachment":[{"href":"https:\/\/thestgeorgesgroup.ca\/fr\/wp-json\/wp\/v2\/media?parent=7639"}],"curies":[{"name":"wp","href":"https:\/\/api.w.org\/{rel}","templated":true}]}}